{"id":2603,"date":"2025-12-09T08:55:36","date_gmt":"2025-12-09T08:55:36","guid":{"rendered":"https:\/\/www.synov-groupe.com\/nuestras-sedes\/"},"modified":"2026-04-17T14:43:20","modified_gmt":"2026-04-17T14:43:20","slug":"nuestras-sedes","status":"publish","type":"page","link":"https:\/\/www.synov-groupe.com\/es\/nuestras-sedes\/","title":{"rendered":"Nuestras sedes"},"content":{"rendered":"<p>[et_pb_section fb_built=\u00bb1&#8243; admin_label=\u00bbH1&#8243; _builder_version=\u00bb4.27.5&#8243; _module_preset=\u00bbdefault\u00bb background_color=\u00bb#245c74&#8243; custom_margin=\u00bb0px||0px||true|false\u00bb custom_padding=\u00bb0px||0px||true|false\u00bb locked=\u00bboff\u00bb global_colors_info=\u00bb{}\u00bb][et_pb_row make_equal=\u00bbon\u00bb _builder_version=\u00bb4.27.5&#8243; _module_preset=\u00bbdefault\u00bb background_image=\u00bbhttps:\/\/www.synov-groupe.com\/wp-content\/uploads\/2026\/03\/Nos-implantations.webp\u00bb width=\u00bb100%\u00bb max_width=\u00bb100%\u00bb min_height=\u00bb400px\u00bb min_height_tablet=\u00bb400px\u00bb min_height_phone=\u00bb310px\u00bb min_height_last_edited=\u00bbon|phone\u00bb height=\u00bb75vh\u00bb height_tablet=\u00bb35vh\u00bb height_phone=\u00bb310px\u00bb height_last_edited=\u00bbon|tablet\u00bb custom_margin=\u00bb0px||0px||true|false\u00bb custom_padding=\u00bb0px||0px||true|false\u00bb filter_opacity=\u00bb85%\u00bb background_last_edited=\u00bbon|tablet\u00bb background_position_tablet=\u00bbcenter_left\u00bb background_position_phone=\u00bbcenter\u00bb global_colors_info=\u00bb{}\u00bb][et_pb_column type=\u00bb4_4&#8243; _builder_version=\u00bb4.27.4&#8243; _module_preset=\u00bbdefault\u00bb custom_css_free_form=\u00bbselector {||align-self:center;||}\u00bb global_colors_info=\u00bb{}\u00bb][\/et_pb_column][\/et_pb_row][et_pb_row _builder_version=\u00bb4.27.4&#8243; _module_preset=\u00bbdefault\u00bb positioning=\u00bbabsolute\u00bb position_origin_a=\u00bbcenter_center\u00bb global_colors_info=\u00bb{}\u00bb][et_pb_column type=\u00bb4_4&#8243; _builder_version=\u00bb4.27.4&#8243; _module_preset=\u00bbdefault\u00bb global_colors_info=\u00bb{}\u00bb][et_pb_text _builder_version=\u00bb4.27.6&#8243; _module_preset=\u00bbdefault\u00bb header_text_align=\u00bbcenter\u00bb header_text_color=\u00bb#FFFFFF\u00bb header_font_size=\u00bb80px\u00bb header_line_height=\u00bb1.2em\u00bb position_origin_a=\u00bbcenter_center\u00bb width=\u00bb100%\u00bb custom_padding=\u00bb|0px||0px|false|true\u00bb hover_enabled=\u00bb0&#8243; header_font_size_tablet=\u00bb70px\u00bb header_font_size_phone=\u00bb48px\u00bb header_font_size_last_edited=\u00bbon|phone\u00bb header_line_height_tablet=\u00bb1.2em\u00bb header_line_height_phone=\u00bb1.1em\u00bb header_line_height_last_edited=\u00bbon|desktop\u00bb header_text_shadow_style=\u00bbpreset3&#8243; header_text_shadow_blur_strength=\u00bb20px\u00bb header_text_shadow_color=\u00bbrgba(0,0,0,0.5)\u00bb global_colors_info=\u00bb{}\u00bb sticky_enabled=\u00bb0&#8243;]<\/p>\n<h1>Nuestras sedes<\/h1>\n<p>[\/et_pb_text][\/et_pb_column][\/et_pb_row][\/et_pb_section][et_pb_section fb_built=\u00bb1&#8243; custom_padding_last_edited=\u00bbon|tablet\u00bb admin_label=\u00bbTitre %22Notre m\u00e9tier%22&#8243; _builder_version=\u00bb4.27.5&#8243; _module_preset=\u00bbdefault\u00bb width=\u00bb100%\u00bb max_width=\u00bb1015px\u00bb module_alignment=\u00bbcenter\u00bb custom_margin=\u00bb-150px||||false|false\u00bb custom_margin_tablet=\u00bb0px||||false|false\u00bb custom_margin_phone=\u00bb0px||||false|false\u00bb custom_margin_last_edited=\u00bbon|tablet\u00bb custom_padding=\u00bb40px|8%|0px|8%|false|true\u00bb custom_padding_tablet=\u00bb40px|12%|0px|12%|false|true\u00bb custom_padding_phone=\u00bb40px|6%|0px|6%|false|true\u00bb locked=\u00bboff\u00bb global_colors_info=\u00bb{}\u00bb][et_pb_row _builder_version=\u00bb4.27.6&#8243; _module_preset=\u00bbdefault\u00bb width=\u00bb100%\u00bb max_width=\u00bb100%\u00bb custom_margin=\u00bb-35px||||false|false\u00bb custom_margin_last_edited=\u00bboff|desktop\u00bb custom_padding=\u00bb0px||0px||true|false\u00bb global_colors_info=\u00bb{}\u00bb][et_pb_column type=\u00bb4_4&#8243; _builder_version=\u00bb4.27.4&#8243; _module_preset=\u00bbdefault\u00bb global_colors_info=\u00bb{}\u00bb][et_pb_text _builder_version=\u00bb4.27.5&#8243; _module_preset=\u00bbdefault\u00bb ul_line_height=\u00bb1.6em\u00bb custom_margin=\u00bb60px||||false|false\u00bb custom_margin_tablet=\u00bb60px||||false|false\u00bb custom_margin_phone=\u00bb40px||||false|false\u00bb custom_margin_last_edited=\u00bbon|phone\u00bb text_font_size_tablet=\u00bb\u00bb text_font_size_phone=\u00bb16px\u00bb text_font_size_last_edited=\u00bbon|phone\u00bb text_line_height_tablet=\u00bb\u00bb text_line_height_phone=\u00bb1.5em\u00bb text_line_height_last_edited=\u00bbon|phone\u00bb locked=\u00bboff\u00bb global_colors_info=\u00bb{}\u00bb]SYNOV se apoya en la historia y la experiencia de sus empresas, presentes en toda Francia y con instalaciones en el extranjero, lo que le permite ofrecer capacidades de producci\u00f3n competitivas.[\/et_pb_text][et_pb_text _builder_version=\u00bb4.27.5&#8243; _module_preset=\u00bbdefault\u00bb header_2_font_size=\u00bb47px\u00bb header_2_line_height=\u00bb1.1em\u00bb custom_margin=\u00bb60px||20px||false|false\u00bb custom_margin_tablet=\u00bb40px||20px||false|false\u00bb custom_margin_phone=\u00bb20px||20px||false|false\u00bb custom_margin_last_edited=\u00bbon|phone\u00bb header_2_font_size_tablet=\u00bb37px\u00bb header_2_font_size_phone=\u00bb32px\u00bb header_2_font_size_last_edited=\u00bbon|phone\u00bb header_2_line_height_tablet=\u00bb1.1em\u00bb header_2_line_height_phone=\u00bb1.1em\u00bb header_2_line_height_last_edited=\u00bbon|phone\u00bb global_colors_info=\u00bb{}\u00bb]<\/p>\n<h2>D\u00f3nde encontrarnos<\/h2>\n<p>[\/et_pb_text][\/et_pb_column][\/et_pb_row][\/et_pb_section][et_pb_section fb_built=\u00bb1&#8243; _builder_version=\u00bb4.27.5&#8243; _module_preset=\u00bbdefault\u00bb custom_padding=\u00bb0px||0px||true|false\u00bb locked=\u00bboff\u00bb global_colors_info=\u00bb{}\u00bb][et_pb_row _builder_version=\u00bb4.27.5&#8243; _module_preset=\u00bbdefault\u00bb width=\u00bb100%\u00bb max_width=\u00bb100%\u00bb custom_margin=\u00bb0px||0px||true|false\u00bb custom_padding=\u00bb0px||0px||true|false\u00bb global_colors_info=\u00bb{}\u00bb][et_pb_column type=\u00bb4_4&#8243; _builder_version=\u00bb4.27.5&#8243; _module_preset=\u00bbdefault\u00bb global_colors_info=\u00bb{}\u00bb][supreme_leaflet_map use_custom_latlng=\u00bbon\u00bb address_custom_lat=\u00bb45.05127064050438&#8243; address_custom_lng=\u00bb3.965281613492953&#8243; address_custom_zoom=\u00bb3&#8243; popup_max_width=\u00bb200&#8243; close_popup_on_click=\u00bbon\u00bb auto_close_popup=\u00bbon\u00bb marker_cluster=\u00bbon\u00bb max_cluster_radius=\u00bb45&#8243; _builder_version=\u00bb4.27.5&#8243; _module_preset=\u00bbdefault\u00bb popup_title_level=\u00bbh3&#8243; popup_title_text_align=\u00bbcenter\u00bb popup_title_text_color=\u00bb#020B25&#8243; popup_title_font_size=\u00bb19px\u00bb popup_content_font_size=\u00bb17px\u00bb height=\u00bb75vh\u00bb popup_title_font_size_tablet=\u00bb18px\u00bb popup_title_font_size_phone=\u00bb15px\u00bb popup_title_font_size_last_edited=\u00bbon|phone\u00bb global_colors_info=\u00bb{}\u00bb][supreme_leaflet_map_item admin_title=\u00bbadetec\u00bb use_custom_latlng=\u00bbon\u00bb address_custom_lat=\u00bb44.853067829027175&#8243; address_custom_lng=\u00bb0.48073676732037496&#8243; _builder_version=\u00bb4.27.5&#8243; _module_preset=\u00bbdefault\u00bb global_colors_info=\u00bb{}\u00bb]<\/p>\n<p><img decoding=\"async\" src=\"https:\/\/www.synov-groupe.com\/wp-content\/uploads\/2025\/12\/logo-adetec.png\" width=\"100%\" height=\"auto\" alt=\"Logotipo Adetec\" class=\"wp-image-225 alignnone size-full\"><\/p>\n<p style=\"text-align: center;\"><strong>Adetec<\/strong><\/p>\n<p>\ud83d\udccd 33 000 Burdeos<\/p>\n<p>\ud83d\udd17 <a href=\"https:\/\/adetec.com\/\">https:\/\/adetec.com\/<\/a><\/p>\n<p>[\/supreme_leaflet_map_item][supreme_leaflet_map_item admin_title=\u00bbAchats et production SYNOV\u00bb use_custom_latlng=\u00bbon\u00bb address_custom_lat=\u00bb37.47364910699519&#8243; address_custom_lng=\u00bb121.44826018899947&#8243; _builder_version=\u00bb4.27.5&#8243; _module_preset=\u00bbdefault\u00bb global_colors_info=\u00bb{}\u00bb]<\/p>\n<p style=\"text-align: center;\"><img loading=\"lazy\" decoding=\"async\" src=\"https:\/\/www.synov-groupe.com\/wp-content\/uploads\/2025\/12\/logo-synov-300x80.png\" width=\"300\" height=\"80\" alt=\"Logotipo del Grupo SYNOV\" class=\"wp-image-69 alignnone size-medium\"><\/p>\n<p style=\"text-align: center;\"><strong>Compras y producci\u00f3n SYNOV<\/strong><\/p>\n<p>\ud83d\udccd Yantai[\/supreme_leaflet_map_item][supreme_leaflet_map_item admin_title=\u00bbArcom\u00bb use_custom_latlng=\u00bbon\u00bb address_custom_lat=\u00bb45.7185755944336&#8243; address_custom_lng=\u00bb4.699266226317231&#8243; _builder_version=\u00bb4.27.5&#8243; _module_preset=\u00bbdefault\u00bb global_colors_info=\u00bb{}\u00bb]<img alt=\"\" alt=\"\" loading=\"lazy\" decoding=\"async\" src=\"https:\/\/www.synov-groupe.com\/wp-content\/uploads\/2025\/12\/logo-arcom-300x124.png\" width=\"300\" height=\"124\" alt=\"\" class=\"wp-image-218 alignnone size-medium\" style=\"display: block; margin-left: auto; margin-right: auto;\"><\/p>\n<p style=\"text-align: center;\"><strong>Arcom<\/strong><\/p>\n<p>\ud83d\udccd 27 Rue du Chapitre,<br \/>\n69126 BRINDAS<\/p>\n<p>\ud83d\udd17 <a href=\"https:\/\/www.groupe-arcom.com\">https:\/\/www.groupe-arcom.com<\/a>[\/supreme_leaflet_map_item][supreme_leaflet_map_item admin_title=\u00bbALTEC ATLS\u00bb use_custom_latlng=\u00bbon\u00bb address_custom_lat=\u00bb49.05206249357556&#8243; address_custom_lng=\u00bb2.1258752957607596&#8243; _builder_version=\u00bb4.27.5&#8243; _module_preset=\u00bbdefault\u00bb global_colors_info=\u00bb{}\u00bb]<\/p>\n<p><img loading=\"lazy\" decoding=\"async\" src=\"https:\/\/www.synov-groupe.com\/wp-content\/uploads\/2025\/12\/logo-altec-300x151.png\" width=\"300\" height=\"151\" alt=\"Logotipo de Altec\" class=\"wp-image-235 alignnone size-medium\" style=\"display: block; margin-left: auto; margin-right: auto;\"><\/p>\n<p style=\"text-align: center;\"><strong>Altec ATLS<\/strong><\/p>\n<p>\ud83d\udccd 3 rue de la Guivernone, Z.I du Vert Galant 95310<br \/>95310 Saint-Ouen-l&#8217;Aum\u00f4ne<\/p>\n<p>\ud83d\udd17 <a href=\"https:\/\/www.altec-atls.fr\">https:\/\/www.altec-atls.fr<\/a><\/p>\n<p>[\/supreme_leaflet_map_item][supreme_leaflet_map_item admin_title=\u00bbPrima Electro\u00bb use_custom_latlng=\u00bbon\u00bb address_custom_lat=\u00bb44.99285834404294&#8243; address_custom_lng=\u00bb7.670730997454547&#8243; _builder_version=\u00bb4.27.5&#8243; _module_preset=\u00bbdefault\u00bb global_colors_info=\u00bb{}\u00bb]<\/p>\n<p style=\"text-align: center;\"><img alt=\"\" alt=\"\" loading=\"lazy\" decoding=\"async\" src=\"https:\/\/www.synov-groupe.com\/wp-content\/uploads\/2025\/12\/logo-prima-electro-300x100.png\" width=\"300\" height=\"100\" alt=\"\" class=\"wp-image-233 alignnone size-medium\"><\/p>\n<p style=\"text-align: center;\"><strong>Prima Electro<\/strong><\/p>\n<p>\ud83d\udccd Strada Carignano, 48\/2 &#8211; 10024 Moncalieri (TO) ITALIA<br \/>Moncalieri<\/p>\n<p>\ud83d\udd17 <a href=\"https:\/\/www.primaelectro.com\">https:\/\/www.prima<br \/>electro.com<\/a><\/p>\n<p>[\/supreme_leaflet_map_item][supreme_leaflet_map_item admin_title=\u00bbPrima Electro China\u00bb use_custom_latlng=\u00bbon\u00bb address_custom_lat=\u00bb31.29924717681257&#8243; address_custom_lng=\u00bb120.58695997194535&#8243; _builder_version=\u00bb4.27.5&#8243; _module_preset=\u00bbdefault\u00bb global_colors_info=\u00bb{}\u00bb]<img loading=\"lazy\" decoding=\"async\" src=\"https:\/\/www.synov-groupe.com\/wp-content\/uploads\/2025\/12\/logo-prima-electro-300x100.png\" width=\"300\" height=\"100\" alt=\"Logotipo Prima Electro\" class=\"wp-image-233 alignnone size-medium\" style=\"display: block; margin-left: auto; margin-right: auto;\"><\/p>\n<p style=\"text-align: center;\"><strong>Prima Electro China<\/strong><\/p>\n<p>\ud83d\udd17  <a href=\"https:\/\/www.primaelectro.com\">https:\/\/www.prima<br \/>\nelectro.com<\/a>[\/supreme_leaflet_map_item][supreme_leaflet_map_item admin_title=\u00bbLaudren Electronique\u00bb use_custom_latlng=\u00bbon\u00bb address_custom_lat=\u00bb47.7901201934468&#8243; address_custom_lng=\u00bb-3.3186947368486934&#8243; _builder_version=\u00bb4.27.5&#8243; _module_preset=\u00bbdefault\u00bb global_colors_info=\u00bb{}\u00bb]<\/p>\n<p><img loading=\"lazy\" decoding=\"async\" src=\"https:\/\/www.synov-groupe.com\/wp-content\/uploads\/2025\/12\/logo-laudren-electronique-300x98.png\" width=\"300\" height=\"98\" alt=\"Logotipo de Laudren Electronics\" class=\"wp-image-230 alignnone size-medium\" style=\"display: block; margin-left: auto; margin-right: auto;\"><\/p>\n<p style=\"text-align: center;\"><strong>Electr\u00f3nica Laudren<\/strong><\/p>\n<p>\ud83d\udccd 235 Rue de la Montagne du Salut<br \/>56600 LANESTER<\/p>\n<p>\ud83d\udd17 <a href=\"https:\/\/laudren-electronique.fr\">https:\/\/laudren-electronique.fr<\/a><\/p>\n<p>[\/supreme_leaflet_map_item][supreme_leaflet_map_item admin_title=\u00bbJFIE\u00bb use_custom_latlng=\u00bbon\u00bb address_custom_lat=\u00bb45.31460018949083&#8243; address_custom_lng=\u00bb3.376003184916058&#8243; _builder_version=\u00bb4.27.5&#8243; _module_preset=\u00bbdefault\u00bb global_colors_info=\u00bb{}\u00bb]<\/p>\n<p><img loading=\"lazy\" decoding=\"async\" src=\"https:\/\/www.synov-groupe.com\/wp-content\/uploads\/2025\/12\/logo-jf-industries-electriques-300x76.png\" width=\"300\" height=\"76\" alt=\"Logotipo JFIE\" class=\"wp-image-258 alignnone size-medium\" style=\"display: block; margin-left: auto; margin-right: auto;\"><\/p>\n<p style=\"text-align: center;\"><strong>JFIE<\/strong><\/p>\n<p>\ud83d\udccd Rue Lavoisier<br \/>43100 Brioude<\/p>\n<p>\ud83d\udd17 <a href=\"https:\/\/www.jf-industries.com\/\">https:\/\/www.jf-industries.com\/<\/a><\/p>\n<p>[\/supreme_leaflet_map_item][supreme_leaflet_map_item admin_title=\u00bbSYMES\u00bb use_custom_latlng=\u00bbon\u00bb address_custom_lat=\u00bb43.6708892970499&#8243; address_custom_lng=\u00bb7.130799445342323&#8243; _builder_version=\u00bb4.27.5&#8243; _module_preset=\u00bbdefault\u00bb global_colors_info=\u00bb{}\u00bb]<\/p>\n<p><img loading=\"lazy\" decoding=\"async\" src=\"https:\/\/www.synov-groupe.com\/wp-content\/uploads\/2025\/12\/logo-symes-300x97.png\" width=\"300\" height=\"97\" alt=\"Logotipo SYMES\" class=\"wp-image-238 alignnone size-medium\" style=\"display: block; margin-left: auto; margin-right: auto;\"><\/p>\n<p style=\"text-align: center;\"><strong>SISTEMAS<\/strong><\/p>\n<p>\ud83d\udccd 9 chemin des Presses, Tecn\u00f3polis<br \/>06800 Cagnes-sur-Mer<\/p>\n<p>\ud83d\udd17 <a href=\"https:\/\/www.symes.fr\">https:\/\/www.symes.fr<\/a><\/p>\n<p>[\/supreme_leaflet_map_item][supreme_leaflet_map_item admin_title=\u00bbArthese\u00bb use_custom_latlng=\u00bbon\u00bb address_custom_lat=\u00bb48.96110241501505&#8243; address_custom_lng=\u00bb1.814230471310902&#8243; _builder_version=\u00bb4.27.5&#8243; _module_preset=\u00bbdefault\u00bb global_colors_info=\u00bb{}\u00bb]<\/p>\n<p><img loading=\"lazy\" decoding=\"async\" src=\"https:\/\/www.synov-groupe.com\/wp-content\/uploads\/2025\/12\/logo-arthese.webp\" width=\"252\" height=\"120\" alt=\"Logotipo de Arthese\" class=\"wp-image-249 alignnone size-full\" style=\"display: block; margin-left: auto; margin-right: auto;\"><\/p>\n<p style=\"text-align: center;\"><strong>Arthese<\/strong><\/p>\n<p>\ud83d\udccd 264 Avenue de la Mauldre<br \/>78680 \u00c9p\u00f4ne<\/p>\n<p>\ud83d\udd17 <a href=\"https:\/\/www.arthese.fr\/\">https:\/\/www.arthese.fr\/<\/a><\/p>\n<p>[\/supreme_leaflet_map_item][supreme_leaflet_map_item admin_title=\u00bbRV Constructions \u00c9lectriques\u00bb use_custom_latlng=\u00bbon\u00bb address_custom_lat=\u00bb45.051846770353876&#8243; address_custom_lng=\u00bb3.9652445387220125&#8243; _builder_version=\u00bb4.27.5&#8243; _module_preset=\u00bbdefault\u00bb global_colors_info=\u00bb{}\u00bb]<\/p>\n<p><img loading=\"lazy\" decoding=\"async\" src=\"https:\/\/www.synov-groupe.com\/wp-content\/uploads\/2025\/12\/logo-rv-constructions-electriques-300x194.jpg\" width=\"300\" height=\"194\" alt=\"Logo RV Construcciones El\u00e9ctricas\" class=\"wp-image-269 alignnone size-medium\" style=\"display: block; margin-left: auto; margin-right: auto;\"><\/p>\n<p style=\"text-align: center;\"><strong>RV Construcciones El\u00e9ctricas<\/strong><\/p>\n<p>\ud83d\udccd 596, Rue Antoine Lavoisier<br \/>43700 Saint Germain Laprade<\/p>\n<p>\ud83d\udd17 <a href=\"http:\/\/www.cerv.com\/\">http:\/\/www.cerv.com\/<\/a><\/p>\n<p>[\/supreme_leaflet_map_item][supreme_leaflet_map_item admin_title=\u00bbSectronic\u00bb use_custom_latlng=\u00bbon\u00bb address_custom_lat=\u00bb47.09924804742772&#8243; address_custom_lng=\u00bb0.6094318166857965&#8243; _builder_version=\u00bb4.27.5&#8243; _module_preset=\u00bbdefault\u00bb global_colors_info=\u00bb{}\u00bb]<\/p>\n<p><img loading=\"lazy\" decoding=\"async\" src=\"https:\/\/www.synov-groupe.com\/wp-content\/uploads\/2025\/12\/logo-sectronic-300x53.png\" width=\"300\" height=\"53\" alt=\"Logo SECTRONIC\" class=\"wp-image-242 alignnone size-medium\" style=\"display: block; margin-left: auto; margin-right: auto;\"><\/p>\n<p style=\"text-align: center;\"><strong>Sectronic<\/strong><\/p>\n<p>\ud83d\udccd Z.I. Les, Le Chemin des Saulniers<br \/>37800 Sainte-Maure-de-Touraine<\/p>\n<p>\ud83d\udd17 <a href=\"https:\/\/sectronic.fr\/\">https:\/\/sectronic.fr\/<\/a><\/p>\n<p>[\/supreme_leaflet_map_item][supreme_leaflet_map_item admin_title=\u00bbA2E\u00bb use_custom_latlng=\u00bbon\u00bb address_custom_lat=\u00bb47.576772168620444&#8243; address_custom_lng=\u00bb6.765980878365153&#8243; _builder_version=\u00bb4.27.5&#8243; _module_preset=\u00bbdefault\u00bb global_colors_info=\u00bb{}\u00bb]<\/p>\n<p><img loading=\"lazy\" decoding=\"async\" src=\"https:\/\/www.synov-groupe.com\/wp-content\/uploads\/2025\/12\/logo-a2e.png\" width=\"238\" height=\"117\" alt=\"Logotipo A2E\" class=\"wp-image-252 alignnone size-full\" style=\"display: block; margin-left: auto; margin-right: auto;\"><\/p>\n<p style=\"text-align: center;\"><strong>A2E<\/strong><\/p>\n<p>\ud83d\udccd 1 Ter Rue Louis Pasteur<br \/>70400 H\u00e9ricourt<\/p>\n<p>\ud83d\udd17 <a href=\"https:\/\/www.a2e.fr\/\">https:\/\/www.a2e.fr\/<\/a><\/p>\n<p>[\/supreme_leaflet_map_item][supreme_leaflet_map_item admin_title=\u00bbOEM Industry\u00bb use_custom_latlng=\u00bbon\u00bb address_custom_lat=\u00bb46.2109496555018&#8243; address_custom_lng=\u00bb4.773651550580154&#8243; _builder_version=\u00bb4.27.5&#8243; _module_preset=\u00bbdefault\u00bb global_colors_info=\u00bb{}\u00bb]<\/p>\n<p><img loading=\"lazy\" decoding=\"async\" src=\"https:\/\/www.synov-groupe.com\/wp-content\/uploads\/2025\/12\/logo-oem-industry.png\" width=\"282\" height=\"110\" alt=\"Logotipo de la industria OEM\" class=\"wp-image-247 alignnone size-full\" style=\"display: block; margin-left: auto; margin-right: auto;\"><\/p>\n<p style=\"text-align: center;\"><strong>Industria OEM<\/strong><\/p>\n<p>\ud83d\udccd 724 Rte des Deschamps<br \/>71570 La Chapelle-de-Guinchay<\/p>\n<p>\ud83d\udd17 <a href=\"https:\/\/www.oem-industry.com\/\">https:\/\/www.oem-industry.com\/<\/a><\/p>\n<ul>\n<li>Dise\u00f1o e integraci\u00f3n de productos electr\u00f3nicos<\/li>\n<li>Electr\u00f3nica de potencia<\/li>\n<li>Conversi\u00f3n de energ\u00eda<\/li>\n<li>Control de la m\u00e1quina<\/li>\n<li>Fuente de alimentaci\u00f3n CA\/CC CC\/CC<\/li>\n<\/ul>\n<p>[\/supreme_leaflet_map_item][supreme_leaflet_map_item admin_title=\u00bbTunelec\u00bb use_custom_latlng=\u00bbon\u00bb address_custom_lat=\u00bb37.225344124399676&#8243; address_custom_lng=\u00bb9.93491388002236&#8243; _builder_version=\u00bb4.27.5&#8243; _module_preset=\u00bbdefault\u00bb global_colors_info=\u00bb{}\u00bb]<\/p>\n<p><img loading=\"lazy\" decoding=\"async\" src=\"https:\/\/www.synov-groupe.com\/wp-content\/uploads\/2025\/12\/logo-tunelec.jpeg\" width=\"200\" height=\"200\" alt=\"Logotipo de Tunelec\" class=\"wp-image-265 alignnone size-full\" style=\"display: block; margin-left: auto; margin-right: auto;\"><\/p>\n<p style=\"text-align: center;\"><strong> Tunelec <\/strong><\/p>\n<p>\ud83d\udccd Z.I. de Menjel Jemil<br \/>7080 Bizerte (T\u00fanez)<\/p>\n<p>[\/supreme_leaflet_map_item][supreme_leaflet_map_item admin_title=\u00bbSi\u00e8ge Groupe SYNOV\u00bb use_custom_latlng=\u00bbon\u00bb address_custom_lat=\u00bb45.754208383789546&#8243; address_custom_lng=\u00bb4.830423439139349&#8243; _builder_version=\u00bb4.27.5&#8243; _module_preset=\u00bbdefault\u00bb global_colors_info=\u00bb{}\u00bb]<\/p>\n<p><img loading=\"lazy\" decoding=\"async\" src=\"https:\/\/www.synov-groupe.com\/wp-content\/uploads\/2025\/12\/logo-synov-300x80.png\" width=\"300\" height=\"80\" alt=\"Logotipo del Grupo SYNOV\" class=\"wp-image-69 alignnone size-medium\" style=\"display: block; margin-left: auto; margin-right: auto;\"><\/p>\n<p style=\"text-align: center;\"><strong>Sede del Grupo SYNOV<\/strong><\/p>\n<p>\ud83d\udccd 27 Rue Auguste Comte<br \/>69002 Lyon<\/p>\n<p>[\/supreme_leaflet_map_item][\/supreme_leaflet_map][\/et_pb_column][\/et_pb_row][\/et_pb_section]<\/p>\n","protected":false},"excerpt":{"rendered":"<p>Nuestras sedesSYNOV se apoya en la historia y la experiencia de sus empresas, presentes en toda Francia y con instalaciones en el extranjero, lo que le permite ofrecer capacidades de producci\u00f3n competitivas.D\u00f3nde encontrarnos<div class=\"et_pb_module supreme_leaflet_map supreme_leaflet_map_0\">\n\t\t\t\t\n\t\t\t\t\n\t\t\t\t\n\t\t\t\t\n\t\t\t\t\n\t\t\t\t\n\t\t\t\t<div class=\"et_pb_module_inner\">\n\t\t\t\t\t<div class=\"supreme_leaflet_map_container\" data-supreme-leaflet-options={\"address_lat\":\"\",\"address_lng\":\"\",\"zoom_level\":13,\"use_custom_latlng\":true,\"address_custom_lat\":\"45.05127064050438\",\"address_custom_lng\":\"3.965281613492953\",\"address_custom_zoom\":3,\"maxZoom\":15,\"mapTiles\":\"osm\",\"scrollWheelZoom\":false,\"doubleClickZoom\":true,\"popupTrigger\":\"click\",\"PopupMaxWidth\":200,\"openAllPopup\":false,\"closePopupOnClick\":true,\"zoomControl\":true,\"autoClosePopup\":true,\"centerMap\":false,\"centerMapPadding\":100,\"markerCluster\":true,\"maxClusterRadius\":45,\"headerLevel\":\"h3\"}><\/div>\n\t\t\t\t<\/div>\n\t\t\t<\/div><div class=\"supreme_leaflet_map_item supreme_leaflet_map_item_0\">\n\t\t\t\t\n\t\t\t\t\n\t\t\t\t\n\t\t\t\t\n\t\t\t\t\n\t\t\t\t\n\t\t\t\t<div class=\"et_pb_module_inner\">\n\t\t\t\t\t<div data-supreme-leaflet-pin={&quot;lat&quot;:&quot;&quot;,&quot;lng&quot;:&quot;&quot;,&quot;use_custom_latlng&quot;:false,&quot;address_custom_lat&quot;:&quot;&quot;,&quot;address_custom_lng&quot;:&quot;&quot;,&quot;marker_custom&quot;:false,&quot;link_option_url&quot;:&quot;&quot;,&quot;url_new_window&quot;:false}><\/div>\n\t\t\t\t<\/div>\n\t\t\t<\/div><\/p>\n","protected":false},"author":3,"featured_media":0,"parent":0,"menu_order":0,"comment_status":"closed","ping_status":"closed","template":"","meta":{"_acf_changed":false,"_seopress_robots_primary_cat":"","_seopress_titles_title":"","_seopress_titles_desc":"","_seopress_robots_index":"","_et_pb_use_builder":"on","_et_pb_old_content":"","_et_gb_content_width":"","footnotes":""},"dipi_cpt_category":[],"class_list":["post-2603","page","type-page","status-publish","hentry"],"acf":[],"_links":{"self":[{"href":"https:\/\/www.synov-groupe.com\/es\/wp-json\/wp\/v2\/pages\/2603","targetHints":{"allow":["GET"]}}],"collection":[{"href":"https:\/\/www.synov-groupe.com\/es\/wp-json\/wp\/v2\/pages"}],"about":[{"href":"https:\/\/www.synov-groupe.com\/es\/wp-json\/wp\/v2\/types\/page"}],"author":[{"embeddable":true,"href":"https:\/\/www.synov-groupe.com\/es\/wp-json\/wp\/v2\/users\/3"}],"replies":[{"embeddable":true,"href":"https:\/\/www.synov-groupe.com\/es\/wp-json\/wp\/v2\/comments?post=2603"}],"version-history":[{"count":2,"href":"https:\/\/www.synov-groupe.com\/es\/wp-json\/wp\/v2\/pages\/2603\/revisions"}],"predecessor-version":[{"id":2605,"href":"https:\/\/www.synov-groupe.com\/es\/wp-json\/wp\/v2\/pages\/2603\/revisions\/2605"}],"wp:attachment":[{"href":"https:\/\/www.synov-groupe.com\/es\/wp-json\/wp\/v2\/media?parent=2603"}],"wp:term":[{"taxonomy":"dipi_cpt_category","embeddable":true,"href":"https:\/\/www.synov-groupe.com\/es\/wp-json\/wp\/v2\/dipi_cpt_category?post=2603"}],"curies":[{"name":"wp","href":"https:\/\/api.w.org\/{rel}","templated":true}]}}