{"id":2461,"date":"2026-02-20T09:34:59","date_gmt":"2026-02-20T09:34:59","guid":{"rendered":"https:\/\/www.synov-groupe.com\/mercados\/defensa-y-aeroespacial\/"},"modified":"2026-04-17T13:46:42","modified_gmt":"2026-04-17T13:46:42","slug":"defensa-y-aeroespacial","status":"publish","type":"page","link":"https:\/\/www.synov-groupe.com\/es\/mercados\/defensa-y-aeroespacial\/","title":{"rendered":"Defensa y Aeroespacial"},"content":{"rendered":"<p>[et_pb_section fb_built=\u00bb1&#8243; admin_label=\u00bbH1&#8243; _builder_version=\u00bb4.27.5&#8243; _module_preset=\u00bbdefault\u00bb background_color=\u00bb#245c74&#8243; custom_margin=\u00bb0px||0px||true|false\u00bb custom_padding=\u00bb0px||0px||true|false\u00bb locked=\u00bboff\u00bb global_colors_info=\u00bb{}\u00bb][et_pb_row make_equal=\u00bbon\u00bb _builder_version=\u00bb4.27.5&#8243; _module_preset=\u00bbdefault\u00bb background_image=\u00bbhttps:\/\/www.synov-groupe.com\/wp-content\/uploads\/2026\/03\/Defense-Aeronautique.webp\u00bb width=\u00bb100%\u00bb max_width=\u00bb100%\u00bb min_height=\u00bb400px\u00bb min_height_tablet=\u00bb400px\u00bb min_height_phone=\u00bb310px\u00bb min_height_last_edited=\u00bbon|phone\u00bb height=\u00bb75vh\u00bb height_tablet=\u00bb35vh\u00bb height_phone=\u00bb310px\u00bb height_last_edited=\u00bbon|tablet\u00bb custom_margin=\u00bb0px||0px||true|false\u00bb custom_padding=\u00bb0px||0px||true|false\u00bb filter_opacity=\u00bb85%\u00bb background_last_edited=\u00bbon|phone\u00bb background_position_tablet=\u00bbcenter_left\u00bb background_position_phone=\u00bbcenter\u00bb global_colors_info=\u00bb{}\u00bb][et_pb_column type=\u00bb4_4&#8243; _builder_version=\u00bb4.27.4&#8243; _module_preset=\u00bbdefault\u00bb custom_css_free_form=\u00bbselector {||align-self:center;||}\u00bb global_colors_info=\u00bb{}\u00bb][\/et_pb_column][\/et_pb_row][et_pb_row _builder_version=\u00bb4.27.5&#8243; _module_preset=\u00bbdefault\u00bb positioning=\u00bbabsolute\u00bb position_origin_a=\u00bbcenter_center\u00bb width=\u00bb100%\u00bb max_width=\u00bb1200px\u00bb global_colors_info=\u00bb{}\u00bb][et_pb_column type=\u00bb4_4&#8243; _builder_version=\u00bb4.27.4&#8243; _module_preset=\u00bbdefault\u00bb global_colors_info=\u00bb{}\u00bb][et_pb_text _builder_version=\u00bb4.27.5&#8243; _module_preset=\u00bbdefault\u00bb header_text_align=\u00bbcenter\u00bb header_text_color=\u00bb#FFFFFF\u00bb header_font_size=\u00bb80px\u00bb position_origin_a=\u00bbcenter_center\u00bb width=\u00bb100%\u00bb custom_padding=\u00bb|0px||0px|false|true\u00bb header_font_size_tablet=\u00bb70px\u00bb header_font_size_phone=\u00bb48px\u00bb header_font_size_last_edited=\u00bbon|phone\u00bb header_text_shadow_style=\u00bbpreset3&#8243; header_text_shadow_blur_strength=\u00bb20px\u00bb header_text_shadow_color=\u00bbrgba(0,0,0,0.5)\u00bb global_colors_info=\u00bb{}\u00bb header_line_height=\u00bb1.2em\u00bb header_line_height_tablet=\u00bb1.2em\u00bb header_line_height_phone=\u00bb1.1em\u00bb header_line_height_last_edited=\u00bbon|desktop\u00bb]<\/p>\n<h1>Defensa y Aeroespacial<\/h1>\n<p>[\/et_pb_text][\/et_pb_column][\/et_pb_row][\/et_pb_section][et_pb_section fb_built=\u00bb1&#8243; custom_padding_last_edited=\u00bbon|desktop\u00bb admin_label=\u00bbTitre %22Notre m\u00e9tier%22&#8243; _builder_version=\u00bb4.27.5&#8243; _module_preset=\u00bbdefault\u00bb width=\u00bb100%\u00bb max_width=\u00bb1015px\u00bb module_alignment=\u00bbcenter\u00bb custom_margin=\u00bb-150px||||false|false\u00bb custom_margin_tablet=\u00bb0px||||false|false\u00bb custom_margin_phone=\u00bb0px||||false|false\u00bb custom_margin_last_edited=\u00bbon|tablet\u00bb custom_padding=\u00bb40px|8%|40px|8%|false|true\u00bb custom_padding_tablet=\u00bb40px|12%|40px|12%|false|true\u00bb custom_padding_phone=\u00bb40px|6%|40px|6%|false|true\u00bb locked=\u00bboff\u00bb global_colors_info=\u00bb{}\u00bb][et_pb_row _builder_version=\u00bb4.27.4&#8243; _module_preset=\u00bbdefault\u00bb width=\u00bb100%\u00bb max_width=\u00bb100%\u00bb custom_padding=\u00bb0px||0px||true|false\u00bb global_colors_info=\u00bb{}\u00bb][et_pb_column type=\u00bb4_4&#8243; _builder_version=\u00bb4.27.4&#8243; _module_preset=\u00bbdefault\u00bb global_colors_info=\u00bb{}\u00bb][et_pb_text _builder_version=\u00bb4.27.5&#8243; _module_preset=\u00bbdefault\u00bb custom_padding=\u00bb60px||||false|false\u00bb text_font_size_tablet=\u00bb\u00bb text_font_size_phone=\u00bb16px\u00bb text_font_size_last_edited=\u00bbon|phone\u00bb text_line_height_tablet=\u00bb\u00bb text_line_height_phone=\u00bb1.5em\u00bb text_line_height_last_edited=\u00bbon|phone\u00bb locked=\u00bboff\u00bb global_colors_info=\u00bb{}\u00bb]En los sectores de Defensa y Aeroespacial, donde la fiabilidad no es negociable y el fracaso no es una opci\u00f3n, el dominio de la electr\u00f3nica de a bordo es un requisito previo absoluto para el \u00e9xito.<\/p>\n<p>El Grupo Synov se compromete a trabajar con los fabricantes de estos mercados como socio estrat\u00e9gico, capaz de dise\u00f1ar, fabricar y mantener sistemas electr\u00f3nicos que cumplan las normas excepcionales de estos entornos cr\u00edticos.[\/et_pb_text][\/et_pb_column][\/et_pb_row][\/et_pb_section][et_pb_section fb_built=\u00bb1&#8243; custom_padding_last_edited=\u00bbon|tablet\u00bb admin_label=\u00bbTitre %22Historique%22&#8243; _builder_version=\u00bb4.27.5&#8243; _module_preset=\u00bbdefault\u00bb width=\u00bb100%\u00bb max_width=\u00bb1015px\u00bb module_alignment=\u00bbcenter\u00bb custom_margin=\u00bb||||false|false\u00bb custom_padding=\u00bb0px|8%|40px|8%|false|true\u00bb custom_padding_tablet=\u00bb0px|12%|0px|12%|false|true\u00bb custom_padding_phone=\u00bb0px|6%|0px|6%|false|true\u00bb locked=\u00bboff\u00bb global_colors_info=\u00bb{}\u00bb][et_pb_row _builder_version=\u00bb4.27.4&#8243; _module_preset=\u00bbdefault\u00bb width=\u00bb100%\u00bb max_width=\u00bb100%\u00bb custom_padding=\u00bb0px||0px||true|false\u00bb global_colors_info=\u00bb{}\u00bb][et_pb_column type=\u00bb4_4&#8243; _builder_version=\u00bb4.27.4&#8243; _module_preset=\u00bbdefault\u00bb global_colors_info=\u00bb{}\u00bb][et_pb_text _builder_version=\u00bb4.27.5&#8243; _module_preset=\u00bbdefault\u00bb header_2_font_size=\u00bb47px\u00bb header_2_line_height=\u00bb1.1em\u00bb custom_margin=\u00bb60px||20px||false|false\u00bb custom_margin_tablet=\u00bb40px||20px||false|false\u00bb custom_margin_phone=\u00bb20px||20px||false|false\u00bb custom_margin_last_edited=\u00bbon|phone\u00bb header_2_font_size_tablet=\u00bb37px\u00bb header_2_font_size_phone=\u00bb32px\u00bb header_2_font_size_last_edited=\u00bbon|phone\u00bb global_colors_info=\u00bb{}\u00bb header_2_line_height_tablet=\u00bb1.1em\u00bb header_2_line_height_phone=\u00bb1.1em\u00bb header_2_line_height_last_edited=\u00bbon|phone\u00bb]<\/p>\n<h2>Nuestra respuesta a las necesidades del sector aeroespacial y de defensa<\/h2>\n<p>[\/et_pb_text][et_pb_text ul_item_indent=\u00bb60px\u00bb _builder_version=\u00bb4.27.5&#8243; _module_preset=\u00bbdefault\u00bb ul_line_height=\u00bb1.8em\u00bb custom_margin=\u00bb0px||||false|false\u00bb text_font_size_tablet=\u00bb\u00bb text_font_size_phone=\u00bb16px\u00bb text_font_size_last_edited=\u00bbon|phone\u00bb text_line_height_tablet=\u00bb\u00bb text_line_height_phone=\u00bb1.5em\u00bb text_line_height_last_edited=\u00bbon|phone\u00bb custom_css_free_form=\u00bbselector strong {||    color: #75c2d6;||}\u00bb global_colors_info=\u00bb{}\u00bb]<\/p>\n<p>Nuestra experiencia est\u00e1 estructurada para responder a los tres pilares fundamentales de este mercado: conformidad, robustez y durabilidad.<\/p>\n<ul>\n<li><strong>Una garant\u00eda de cumplimiento de los programas estrat\u00e9gicos<\/strong><br \/>Gracias a nuestros procesos de calidad (certificaciones ISO 9001 y EN 9100) y al cumplimiento de las normas IPC Clase III, garantizamos que cada producto se dise\u00f1a, fabrica y prueba de acuerdo con los requisitos m\u00e1s estrictos del sector.<\/li>\n<li><strong>Dise\u00f1ar para entornos dif\u00edciles<\/strong><br \/>Nuestras oficinas de dise\u00f1o incorporan las limitaciones de vibraciones, choques, temperaturas extremas y humedad desde la fase de ingenier\u00eda, aplicando metodolog\u00edas DfM\/DfT para garantizar la robustez de los sistemas embebidos.<\/li>\n<li><strong>Garantizar la viabilidad a largo plazo de tus sistemas durante varias d\u00e9cadas<\/strong><br \/>Ofrecemos un apoyo integral, que incluye la gesti\u00f3n proactiva de la obsolescencia de los componentes, el mantenimiento en condiciones operativas (MCO) y el apoyo log\u00edstico para garantizar la disponibilidad a largo plazo de tus equipos.<\/li>\n<\/ul>\n<p>[\/et_pb_text][\/et_pb_column][\/et_pb_row][\/et_pb_section][et_pb_section fb_built=\u00bb1&#8243; custom_padding_last_edited=\u00bbon|tablet\u00bb admin_label=\u00bbTitre %22Historique%22&#8243; _builder_version=\u00bb4.27.5&#8243; _module_preset=\u00bbdefault\u00bb width=\u00bb100%\u00bb max_width=\u00bb1015px\u00bb module_alignment=\u00bbcenter\u00bb custom_margin=\u00bb||||false|false\u00bb custom_padding=\u00bb0px|8%|40px|8%|false|true\u00bb custom_padding_tablet=\u00bb0px|12%|0px|12%|false|true\u00bb custom_padding_phone=\u00bb0px|6%|0px|6%|false|true\u00bb locked=\u00bboff\u00bb global_colors_info=\u00bb{}\u00bb][et_pb_row _builder_version=\u00bb4.27.4&#8243; _module_preset=\u00bbdefault\u00bb width=\u00bb100%\u00bb max_width=\u00bb100%\u00bb custom_padding=\u00bb0px||0px||true|false\u00bb global_colors_info=\u00bb{}\u00bb][et_pb_column type=\u00bb4_4&#8243; _builder_version=\u00bb4.27.4&#8243; _module_preset=\u00bbdefault\u00bb global_colors_info=\u00bb{}\u00bb][et_pb_text _builder_version=\u00bb4.27.5&#8243; _module_preset=\u00bbdefault\u00bb header_2_font_size=\u00bb47px\u00bb header_2_line_height=\u00bb1.1em\u00bb custom_margin=\u00bb60px||20px||false|false\u00bb custom_margin_tablet=\u00bb40px||20px||false|false\u00bb custom_margin_phone=\u00bb20px||20px||false|false\u00bb custom_margin_last_edited=\u00bbon|phone\u00bb header_2_font_size_tablet=\u00bb37px\u00bb header_2_font_size_phone=\u00bb32px\u00bb header_2_font_size_last_edited=\u00bbon|phone\u00bb global_colors_info=\u00bb{}\u00bb header_2_line_height_tablet=\u00bb1.1em\u00bb header_2_line_height_phone=\u00bb1.1em\u00bb header_2_line_height_last_edited=\u00bbon|phone\u00bb]<\/p>\n<h2>Nuestras competencias clave<\/h2>\n<p>[\/et_pb_text][\/et_pb_column][\/et_pb_row][et_pb_row column_structure=\u00bb1_2,1_2&#8243; _builder_version=\u00bb4.27.4&#8243; _module_preset=\u00bbdefault\u00bb width=\u00bb100%\u00bb max_width=\u00bb100%\u00bb custom_padding=\u00bb0px||0px||true|false\u00bb global_colors_info=\u00bb{}\u00bb][et_pb_column type=\u00bb1_2&#8243; _builder_version=\u00bb4.27.4&#8243; _module_preset=\u00bbdefault\u00bb global_colors_info=\u00bb{}\u00bb][et_pb_blurb use_icon=\u00bbon\u00bb font_icon=\u00bb&#x52;||divi||400&#8243; icon_color=\u00bb#418D9E\u00bb icon_placement=\u00bbleft\u00bb image_icon_width=\u00bb30px\u00bb image_icon_width_tablet=\u00bb30px\u00bb image_icon_width_phone=\u00bb25px\u00bb image_icon_width_last_edited=\u00bbon|phone\u00bb _builder_version=\u00bb4.27.5&#8243; _module_preset=\u00bbdefault\u00bb header_font=\u00bb|600|||||||\u00bb header_text_color=\u00bb#418D9E\u00bb header_font_size=\u00bb20px\u00bb image_icon_custom_margin=\u00bb2px|||8px|false|false\u00bb header_font_size_tablet=\u00bb20px\u00bb header_font_size_phone=\u00bb18px\u00bb header_font_size_last_edited=\u00bbon|phone\u00bb body_font_size_tablet=\u00bb\u00bb body_font_size_phone=\u00bb16px\u00bb body_font_size_last_edited=\u00bbon|phone\u00bb body_line_height_tablet=\u00bb\u00bb body_line_height_phone=\u00bb1.5em\u00bb body_line_height_last_edited=\u00bbon|desktop\u00bb global_colors_info=\u00bb{}\u00bb]<\/p>\n<p>Dise\u00f1o de arquitecturas electr\u00f3nicas reforzadas (sistemas embebidos, placas multitecnolog\u00eda).<\/p>\n<p>[\/et_pb_blurb][et_pb_blurb use_icon=\u00bbon\u00bb font_icon=\u00bb&#x52;||divi||400&#8243; icon_color=\u00bb#418D9E\u00bb icon_placement=\u00bbleft\u00bb image_icon_width=\u00bb30px\u00bb image_icon_width_tablet=\u00bb30px\u00bb image_icon_width_phone=\u00bb25px\u00bb image_icon_width_last_edited=\u00bbon|phone\u00bb _builder_version=\u00bb4.27.5&#8243; _module_preset=\u00bbdefault\u00bb header_font=\u00bb|600|||||||\u00bb header_text_color=\u00bb#418D9E\u00bb header_font_size=\u00bb20px\u00bb image_icon_custom_margin=\u00bb2px|||8px|false|false\u00bb header_font_size_tablet=\u00bb20px\u00bb header_font_size_phone=\u00bb18px\u00bb header_font_size_last_edited=\u00bbon|phone\u00bb body_font_size_tablet=\u00bb\u00bb body_font_size_phone=\u00bb16px\u00bb body_font_size_last_edited=\u00bbon|phone\u00bb body_line_height_tablet=\u00bb\u00bb body_line_height_phone=\u00bb1.5em\u00bb body_line_height_last_edited=\u00bbon|desktop\u00bb global_colors_info=\u00bb{}\u00bb]<\/p>\n<p>Producciones complejas peque\u00f1as y medianas con trazabilidad total.<\/p>\n<p>[\/et_pb_blurb][\/et_pb_column][et_pb_column type=\u00bb1_2&#8243; _builder_version=\u00bb4.27.4&#8243; _module_preset=\u00bbdefault\u00bb global_colors_info=\u00bb{}\u00bb][et_pb_blurb use_icon=\u00bbon\u00bb font_icon=\u00bb&#x52;||divi||400&#8243; icon_color=\u00bb#418D9E\u00bb icon_placement=\u00bbleft\u00bb image_icon_width=\u00bb30px\u00bb image_icon_width_tablet=\u00bb30px\u00bb image_icon_width_phone=\u00bb25px\u00bb image_icon_width_last_edited=\u00bbon|phone\u00bb _builder_version=\u00bb4.27.5&#8243; _module_preset=\u00bbdefault\u00bb header_font=\u00bb|600|||||||\u00bb header_text_color=\u00bb#418D9E\u00bb header_font_size=\u00bb20px\u00bb image_icon_custom_margin=\u00bb2px|||8px|false|false\u00bb header_font_size_tablet=\u00bb20px\u00bb header_font_size_phone=\u00bb18px\u00bb header_font_size_last_edited=\u00bbon|phone\u00bb body_font_size_tablet=\u00bb\u00bb body_font_size_phone=\u00bb16px\u00bb body_font_size_last_edited=\u00bbon|phone\u00bb body_line_height_tablet=\u00bb\u00bb body_line_height_phone=\u00bb1.5em\u00bb body_line_height_last_edited=\u00bbon|desktop\u00bb global_colors_info=\u00bb{}\u00bb]<\/p>\n<p>Integraci\u00f3n de subconjuntos para equipos sometidos a grandes esfuerzos.<\/p>\n<p>[\/et_pb_blurb][et_pb_blurb use_icon=\u00bbon\u00bb font_icon=\u00bb&#x52;||divi||400&#8243; icon_color=\u00bb#418D9E\u00bb icon_placement=\u00bbleft\u00bb image_icon_width=\u00bb30px\u00bb image_icon_width_tablet=\u00bb30px\u00bb image_icon_width_phone=\u00bb25px\u00bb image_icon_width_last_edited=\u00bbon|phone\u00bb _builder_version=\u00bb4.27.5&#8243; _module_preset=\u00bbdefault\u00bb header_font=\u00bb|600|||||||\u00bb header_text_color=\u00bb#418D9E\u00bb header_font_size=\u00bb20px\u00bb image_icon_custom_margin=\u00bb2px|||8px|false|false\u00bb header_font_size_tablet=\u00bb20px\u00bb header_font_size_phone=\u00bb18px\u00bb header_font_size_last_edited=\u00bbon|phone\u00bb body_font_size_tablet=\u00bb\u00bb body_font_size_phone=\u00bb16px\u00bb body_font_size_last_edited=\u00bbon|phone\u00bb body_line_height_tablet=\u00bb\u00bb body_line_height_phone=\u00bb1.5em\u00bb body_line_height_last_edited=\u00bbon|desktop\u00bb global_colors_info=\u00bb{}\u00bb]<\/p>\n<p>Mantenimiento preventivo y correctivo para maximizar la vida \u00fatil de los equipos.<\/p>\n<p>[\/et_pb_blurb][\/et_pb_column][\/et_pb_row][\/et_pb_section][et_pb_section fb_built=\u00bb1&#8243; custom_padding_last_edited=\u00bbon|phone\u00bb admin_label=\u00bbTitre %22Historique%22&#8243; _builder_version=\u00bb4.27.5&#8243; _module_preset=\u00bbdefault\u00bb width=\u00bb100%\u00bb max_width=\u00bb1015px\u00bb module_alignment=\u00bbcenter\u00bb custom_margin=\u00bb||||false|false\u00bb custom_padding=\u00bb0px|8%|120px|8%|false|true\u00bb custom_padding_tablet=\u00bb40px|12%|80px|12%|false|true\u00bb custom_padding_phone=\u00bb40px|6%|80px|6%|false|true\u00bb locked=\u00bboff\u00bb global_colors_info=\u00bb{}\u00bb][et_pb_row _builder_version=\u00bb4.27.4&#8243; _module_preset=\u00bbdefault\u00bb width=\u00bb100%\u00bb max_width=\u00bb100%\u00bb custom_padding=\u00bb0px||0px||true|false\u00bb global_colors_info=\u00bb{}\u00bb][et_pb_column type=\u00bb4_4&#8243; _builder_version=\u00bb4.27.4&#8243; _module_preset=\u00bbdefault\u00bb global_colors_info=\u00bb{}\u00bb][et_pb_text _builder_version=\u00bb4.27.5&#8243; _module_preset=\u00bbdefault\u00bb header_2_font_size=\u00bb47px\u00bb custom_margin=\u00bb60px||20px||false|false\u00bb custom_margin_tablet=\u00bb40px||20px||false|false\u00bb custom_margin_phone=\u00bb20px||20px||false|false\u00bb custom_margin_last_edited=\u00bbon|phone\u00bb header_2_font_size_tablet=\u00bb37px\u00bb header_2_font_size_phone=\u00bb32px\u00bb header_2_font_size_last_edited=\u00bbon|phone\u00bb global_colors_info=\u00bb{}\u00bb header_2_line_height=\u00bb1.1em\u00bb header_2_line_height_tablet=\u00bb1.1em\u00bb header_2_line_height_phone=\u00bb1.1em\u00bb header_2_line_height_last_edited=\u00bbon|phone\u00bb]<\/p>\n<h2>Campos de aplicaci\u00f3n<\/h2>\n<p>[\/et_pb_text][\/et_pb_column][\/et_pb_row][et_pb_row column_structure=\u00bb1_2,1_2&#8243; use_custom_gutter=\u00bbon\u00bb make_equal=\u00bbon\u00bb _builder_version=\u00bb4.27.5&#8243; _module_preset=\u00bbdefault\u00bb background_enable_color=\u00bboff\u00bb width=\u00bb100%\u00bb max_width=\u00bb100%\u00bb custom_margin=\u00bb0px||0px||false|false\u00bb custom_padding=\u00bb0px|40px|37px|40px|false|true\u00bb border_color_all=\u00bb#184051&#8243; locked=\u00bboff\u00bb global_colors_info=\u00bb{}\u00bb][et_pb_column type=\u00bb1_2&#8243; _builder_version=\u00bb4.27.5&#8243; _module_preset=\u00bbdefault\u00bb custom_padding=\u00bb30px|30px|30px|30px|true|true\u00bb custom_padding_tablet=\u00bb30px|30px|30px|30px|true|true\u00bb custom_padding_phone=\u00bb20px|20px|20px|20px|true|true\u00bb custom_padding_last_edited=\u00bbon|phone\u00bb border_width_all=\u00bb2px\u00bb border_color_all=\u00bb#184051&#8243; global_colors_info=\u00bb{}\u00bb][et_pb_text _builder_version=\u00bb4.27.5&#8243; _module_preset=\u00bbdefault\u00bb text_font=\u00bb|800|||||||\u00bb text_text_color=\u00bb#75C2D6&#8243; text_font_size=\u00bb30px\u00bb header_3_font=\u00bb|800|||||||\u00bb header_3_text_color=\u00bb#75C2D6&#8243; header_3_font_size=\u00bb32px\u00bb custom_margin=\u00bb||20px||false|false\u00bb custom_margin_tablet=\u00bb\u00bb custom_margin_phone=\u00bb||0px||false|false\u00bb custom_margin_last_edited=\u00bbon|phone\u00bb text_font_size_tablet=\u00bb30px\u00bb text_font_size_phone=\u00bb30px\u00bb text_font_size_last_edited=\u00bbon|tablet\u00bb header_3_font_size_tablet=\u00bb28px\u00bb header_3_font_size_phone=\u00bb23px\u00bb header_3_font_size_last_edited=\u00bbon|phone\u00bb global_colors_info=\u00bb{}\u00bb]<\/p>\n<h3>Electr\u00f3nica aeron\u00e1utica de a bordo<\/h3>\n<p>[\/et_pb_text][et_pb_text ul_item_indent=\u00bb40px\u00bb _builder_version=\u00bb4.27.6&#8243; _module_preset=\u00bbdefault\u00bb text_text_color=\u00bb#184051&#8243; text_font_size_tablet=\u00bb\u00bb text_font_size_phone=\u00bb16px\u00bb text_font_size_last_edited=\u00bbon|phone\u00bb global_colors_info=\u00bb{}\u00bb sticky_enabled=\u00bb0&#8243; ul_text_color=\u00bb#000000&#8243; ul_line_height=\u00bb1.4em\u00bb]<\/p>\n<ul>\n<li>Avi\u00f3nica ;<\/li>\n<li>Gesti\u00f3n del motor ;<\/li>\n<li>Sistemas de cabina.<\/li>\n<\/ul>\n<p>[\/et_pb_text][\/et_pb_column][et_pb_column type=\u00bb1_2&#8243; _builder_version=\u00bb4.27.5&#8243; _module_preset=\u00bbdefault\u00bb custom_padding=\u00bb30px|30px|30px|30px|true|true\u00bb custom_padding_tablet=\u00bb30px|30px|30px|30px|true|true\u00bb custom_padding_phone=\u00bb20px|20px|20px|20px|true|true\u00bb custom_padding_last_edited=\u00bbon|phone\u00bb border_width_all=\u00bb2px\u00bb border_color_all=\u00bb#184051&#8243; global_colors_info=\u00bb{}\u00bb][et_pb_text _builder_version=\u00bb4.27.5&#8243; _module_preset=\u00bbdefault\u00bb text_font=\u00bb|800|||||||\u00bb text_text_color=\u00bb#75C2D6&#8243; text_font_size=\u00bb30px\u00bb header_3_font=\u00bb|800|||||||\u00bb header_3_text_color=\u00bb#75C2D6&#8243; header_3_font_size=\u00bb32px\u00bb custom_margin=\u00bb||20px||false|false\u00bb custom_margin_phone=\u00bb||0px||false|false\u00bb custom_margin_last_edited=\u00bbon|phone\u00bb text_font_size_tablet=\u00bb30px\u00bb text_font_size_phone=\u00bb30px\u00bb text_font_size_last_edited=\u00bbon|tablet\u00bb header_3_font_size_tablet=\u00bb28px\u00bb header_3_font_size_phone=\u00bb23px\u00bb header_3_font_size_last_edited=\u00bbon|phone\u00bb global_colors_info=\u00bb{}\u00bb custom_margin_tablet=\u00bb||20px||false|false\u00bb]<\/p>\n<h3>Sistemas de comunicaci\u00f3n seguros y radares de defensa<\/h3>\n<p>[\/et_pb_text][\/et_pb_column][\/et_pb_row][et_pb_row column_structure=\u00bb1_2,1_2&#8243; use_custom_gutter=\u00bbon\u00bb make_equal=\u00bbon\u00bb _builder_version=\u00bb4.27.5&#8243; _module_preset=\u00bbdefault\u00bb background_enable_color=\u00bboff\u00bb width=\u00bb100%\u00bb max_width=\u00bb100%\u00bb custom_margin=\u00bb0px||||false|false\u00bb custom_padding=\u00bb0px|40px|0px|40px|false|true\u00bb border_color_all=\u00bb#184051&#8243; locked=\u00bboff\u00bb global_colors_info=\u00bb{}\u00bb][et_pb_column type=\u00bb1_2&#8243; _builder_version=\u00bb4.27.5&#8243; _module_preset=\u00bbdefault\u00bb custom_padding=\u00bb30px|30px|30px|30px|true|true\u00bb custom_padding_tablet=\u00bb30px|30px|30px|30px|true|true\u00bb custom_padding_phone=\u00bb20px|20px|20px|20px|true|true\u00bb custom_padding_last_edited=\u00bbon|phone\u00bb border_width_all=\u00bb2px\u00bb border_color_all=\u00bb#184051&#8243; global_colors_info=\u00bb{}\u00bb][et_pb_text _builder_version=\u00bb4.27.5&#8243; _module_preset=\u00bbdefault\u00bb text_font=\u00bb|800|||||||\u00bb text_text_color=\u00bb#75C2D6&#8243; text_font_size=\u00bb30px\u00bb header_3_font=\u00bb|800|||||||\u00bb header_3_text_color=\u00bb#75C2D6&#8243; header_3_font_size=\u00bb32px\u00bb custom_margin=\u00bb||20px||false|false\u00bb custom_margin_phone=\u00bb||0px||false|false\u00bb custom_margin_last_edited=\u00bbon|phone\u00bb text_font_size_tablet=\u00bb30px\u00bb text_font_size_phone=\u00bb30px\u00bb text_font_size_last_edited=\u00bbon|tablet\u00bb header_3_font_size_tablet=\u00bb28px\u00bb header_3_font_size_phone=\u00bb23px\u00bb header_3_font_size_last_edited=\u00bbon|phone\u00bb global_colors_info=\u00bb{}\u00bb custom_margin_tablet=\u00bb||20px||false|false\u00bb]<\/p>\n<h3>Integraci\u00f3n de placas y subconjuntos para entornos dif\u00edciles<\/h3>\n<p>[\/et_pb_text][\/et_pb_column][et_pb_column type=\u00bb1_2&#8243; _builder_version=\u00bb4.27.5&#8243; _module_preset=\u00bbdefault\u00bb custom_padding=\u00bb30px|30px|30px|30px|true|true\u00bb custom_padding_tablet=\u00bb30px|30px|30px|30px|true|true\u00bb custom_padding_phone=\u00bb20px|20px|20px|20px|true|true\u00bb custom_padding_last_edited=\u00bbon|phone\u00bb border_width_all=\u00bb2px\u00bb border_color_all=\u00bb#184051&#8243; global_colors_info=\u00bb{}\u00bb][et_pb_text _builder_version=\u00bb4.27.5&#8243; _module_preset=\u00bbdefault\u00bb text_font=\u00bb|800|||||||\u00bb text_text_color=\u00bb#75C2D6&#8243; text_font_size=\u00bb30px\u00bb header_3_font=\u00bb|800|||||||\u00bb header_3_text_color=\u00bb#75C2D6&#8243; header_3_font_size=\u00bb32px\u00bb custom_margin=\u00bb||20px||false|false\u00bb custom_margin_phone=\u00bb||0px||false|false\u00bb custom_margin_last_edited=\u00bbon|phone\u00bb text_font_size_tablet=\u00bb30px\u00bb text_font_size_phone=\u00bb30px\u00bb text_font_size_last_edited=\u00bbon|tablet\u00bb header_3_font_size_tablet=\u00bb28px\u00bb header_3_font_size_phone=\u00bb23px\u00bb header_3_font_size_last_edited=\u00bbon|phone\u00bb global_colors_info=\u00bb{}\u00bb custom_margin_tablet=\u00bb||20px||false|false\u00bb]<\/p>\n<h3>Soluciones IoT para aplicaciones militares o industriales especializadas<\/h3>\n<p>[\/et_pb_text][\/et_pb_column][\/et_pb_row][et_pb_row _builder_version=\u00bb4.27.4&#8243; _module_preset=\u00bbdefault\u00bb width=\u00bb100%\u00bb max_width=\u00bb100%\u00bb custom_padding=\u00bb0px||0px||true|false\u00bb locked=\u00bboff\u00bb global_colors_info=\u00bb{}\u00bb][et_pb_column type=\u00bb4_4&#8243; _builder_version=\u00bb4.27.4&#8243; _module_preset=\u00bbdefault\u00bb global_colors_info=\u00bb{}\u00bb][et_pb_button button_url=\u00bbhttps:\/\/www.synov-groupe.com\/nous-contacter\/\u00bb button_text=\u00bbHabla con un experto del sector de Defensa y Aeroespacial\u00bb button_alignment=\u00bbcenter\u00bb _builder_version=\u00bb4.27.5&#8243; _module_preset=\u00bbdefault\u00bb custom_button=\u00bbon\u00bb button_text_size=\u00bb18px\u00bb button_text_color=\u00bb#FFFFFF\u00bb button_bg_color=\u00bb#418D9E\u00bb button_border_width=\u00bb0px\u00bb button_border_radius=\u00bb0px\u00bb button_font=\u00bb|700|||||||\u00bb button_use_icon=\u00bboff\u00bb position_origin_a=\u00bbbottom_left\u00bb custom_margin=\u00bb60px||0px||false|false\u00bb custom_padding=\u00bb20px|35px|20px|35px|true|true\u00bb button_text_size_tablet=\u00bb18px\u00bb button_text_size_phone=\u00bb16px\u00bb button_text_size_last_edited=\u00bbon|phone\u00bb custom_css_free_form=\u00bbselector {|| width:100%;|| height:100%;||}\u00bb locked=\u00bboff\u00bb global_colors_info=\u00bb{}\u00bb button_text_color__hover=\u00bb#FFFFFF\u00bb button_text_color__hover_enabled=\u00bbon|desktop\u00bb button_bg_color__hover=\u00bb#75C2D6&#8243; button_bg_color__hover_enabled=\u00bbon|hover\u00bb button_border_color__hover=\u00bb#FFFFFF\u00bb button_border_color__hover_enabled=\u00bboff|desktop\u00bb button_bg_enable_color__hover=\u00bbon\u00bb][\/et_pb_button][\/et_pb_column][\/et_pb_row][\/et_pb_section]<\/p>\n","protected":false},"excerpt":{"rendered":"<p>Defensa y AeroespacialEn los sectores de Defensa y Aeroespacial, donde la fiabilidad no es negociable y el fracaso no es una opci\u00f3n, el dominio de la electr\u00f3nica de a bordo es un requisito previo absoluto para el \u00e9xito. El Grupo Synov se compromete a trabajar con los fabricantes de estos mercados como socio estrat\u00e9gico, capaz [&hellip;]<\/p>\n","protected":false},"author":3,"featured_media":0,"parent":2415,"menu_order":0,"comment_status":"closed","ping_status":"closed","template":"","meta":{"_acf_changed":false,"_seopress_robots_primary_cat":"","_seopress_titles_title":"","_seopress_titles_desc":"","_seopress_robots_index":"","_et_pb_use_builder":"on","_et_pb_old_content":"","_et_gb_content_width":"","footnotes":""},"dipi_cpt_category":[],"class_list":["post-2461","page","type-page","status-publish","hentry"],"acf":[],"_links":{"self":[{"href":"https:\/\/www.synov-groupe.com\/es\/wp-json\/wp\/v2\/pages\/2461","targetHints":{"allow":["GET"]}}],"collection":[{"href":"https:\/\/www.synov-groupe.com\/es\/wp-json\/wp\/v2\/pages"}],"about":[{"href":"https:\/\/www.synov-groupe.com\/es\/wp-json\/wp\/v2\/types\/page"}],"author":[{"embeddable":true,"href":"https:\/\/www.synov-groupe.com\/es\/wp-json\/wp\/v2\/users\/3"}],"replies":[{"embeddable":true,"href":"https:\/\/www.synov-groupe.com\/es\/wp-json\/wp\/v2\/comments?post=2461"}],"version-history":[{"count":2,"href":"https:\/\/www.synov-groupe.com\/es\/wp-json\/wp\/v2\/pages\/2461\/revisions"}],"predecessor-version":[{"id":2463,"href":"https:\/\/www.synov-groupe.com\/es\/wp-json\/wp\/v2\/pages\/2461\/revisions\/2463"}],"up":[{"embeddable":true,"href":"https:\/\/www.synov-groupe.com\/es\/wp-json\/wp\/v2\/pages\/2415"}],"wp:attachment":[{"href":"https:\/\/www.synov-groupe.com\/es\/wp-json\/wp\/v2\/media?parent=2461"}],"wp:term":[{"taxonomy":"dipi_cpt_category","embeddable":true,"href":"https:\/\/www.synov-groupe.com\/es\/wp-json\/wp\/v2\/dipi_cpt_category?post=2461"}],"curies":[{"name":"wp","href":"https:\/\/api.w.org\/{rel}","templated":true}]}}