{"id":2310,"date":"2026-02-17T10:01:05","date_gmt":"2026-02-17T10:01:05","guid":{"rendered":"https:\/\/www.synov-groupe.com\/fabricacion\/"},"modified":"2026-04-17T10:05:41","modified_gmt":"2026-04-17T10:05:41","slug":"fabricacion","status":"publish","type":"page","link":"https:\/\/www.synov-groupe.com\/es\/fabricacion\/","title":{"rendered":"Fabricaci\u00f3n"},"content":{"rendered":"<p>[et_pb_section fb_built=\u00bb1&#8243; admin_label=\u00bbH1&#8243; _builder_version=\u00bb4.27.5&#8243; _module_preset=\u00bbdefault\u00bb background_color=\u00bb#245c74&#8243; custom_margin=\u00bb0px||0px||true|false\u00bb custom_padding=\u00bb0px||0px||true|false\u00bb locked=\u00bboff\u00bb global_colors_info=\u00bb{}\u00bb][et_pb_row make_equal=\u00bbon\u00bb _builder_version=\u00bb4.27.5&#8243; _module_preset=\u00bbdefault\u00bb background_image=\u00bbhttps:\/\/www.synov-groupe.com\/wp-content\/uploads\/2026\/03\/Fabrication3.webp\u00bb width=\u00bb100%\u00bb max_width=\u00bb100%\u00bb min_height=\u00bb400px\u00bb min_height_tablet=\u00bb400px\u00bb min_height_phone=\u00bb310px\u00bb min_height_last_edited=\u00bbon|phone\u00bb height=\u00bb75vh\u00bb height_tablet=\u00bb35vh\u00bb height_phone=\u00bb310px\u00bb height_last_edited=\u00bbon|tablet\u00bb custom_margin=\u00bb0px||0px||true|false\u00bb custom_padding=\u00bb0px||0px||true|false\u00bb filter_opacity=\u00bb85%\u00bb background_last_edited=\u00bbon|tablet\u00bb background_position_tablet=\u00bbcenter_left\u00bb background_position_phone=\u00bbcenter\u00bb global_colors_info=\u00bb{}\u00bb][et_pb_column type=\u00bb4_4&#8243; _builder_version=\u00bb4.27.4&#8243; _module_preset=\u00bbdefault\u00bb custom_css_free_form=\u00bbselector {||align-self:center;||}\u00bb global_colors_info=\u00bb{}\u00bb][\/et_pb_column][\/et_pb_row][et_pb_row _builder_version=\u00bb4.27.4&#8243; _module_preset=\u00bbdefault\u00bb positioning=\u00bbabsolute\u00bb position_origin_a=\u00bbcenter_center\u00bb global_colors_info=\u00bb{}\u00bb][et_pb_column type=\u00bb4_4&#8243; _builder_version=\u00bb4.27.4&#8243; _module_preset=\u00bbdefault\u00bb global_colors_info=\u00bb{}\u00bb][et_pb_text _builder_version=\u00bb4.27.5&#8243; _module_preset=\u00bbdefault\u00bb header_text_align=\u00bbcenter\u00bb header_text_color=\u00bb#FFFFFF\u00bb header_font_size=\u00bb80px\u00bb position_origin_a=\u00bbcenter_center\u00bb width=\u00bb100%\u00bb custom_padding=\u00bb|0px||0px|false|true\u00bb header_font_size_tablet=\u00bb70px\u00bb header_font_size_phone=\u00bb48px\u00bb header_font_size_last_edited=\u00bbon|phone\u00bb header_text_shadow_style=\u00bbpreset3&#8243; header_text_shadow_blur_strength=\u00bb20px\u00bb header_text_shadow_color=\u00bbrgba(0,0,0,0.5)\u00bb global_colors_info=\u00bb{}\u00bb header_line_height=\u00bb1.2em\u00bb header_line_height_tablet=\u00bb1.2em\u00bb header_line_height_phone=\u00bb1.1em\u00bb header_line_height_last_edited=\u00bbon|desktop\u00bb]<\/p>\n<h1>Fabricaci\u00f3n<\/h1>\n<p>[\/et_pb_text][\/et_pb_column][\/et_pb_row][\/et_pb_section][et_pb_section fb_built=\u00bb1&#8243; custom_padding_last_edited=\u00bbon|desktop\u00bb admin_label=\u00bbTitre %22Notre m\u00e9tier%22&#8243; _builder_version=\u00bb4.27.5&#8243; _module_preset=\u00bbdefault\u00bb width=\u00bb100%\u00bb max_width=\u00bb1015px\u00bb module_alignment=\u00bbcenter\u00bb custom_margin=\u00bb-150px||||false|false\u00bb custom_margin_tablet=\u00bb0px||||false|false\u00bb custom_margin_phone=\u00bb0px||||false|false\u00bb custom_margin_last_edited=\u00bbon|tablet\u00bb custom_padding=\u00bb40px|8%|40px|8%|false|true\u00bb custom_padding_tablet=\u00bb40px|12%|40px|12%|false|true\u00bb custom_padding_phone=\u00bb40px|6%|40px|6%|false|true\u00bb locked=\u00bboff\u00bb global_colors_info=\u00bb{}\u00bb][et_pb_row _builder_version=\u00bb4.27.4&#8243; _module_preset=\u00bbdefault\u00bb width=\u00bb100%\u00bb max_width=\u00bb100%\u00bb custom_padding=\u00bb0px||0px||true|false\u00bb global_colors_info=\u00bb{}\u00bb][et_pb_column type=\u00bb4_4&#8243; _builder_version=\u00bb4.27.4&#8243; _module_preset=\u00bbdefault\u00bb global_colors_info=\u00bb{}\u00bb][et_pb_text _builder_version=\u00bb4.27.5&#8243; _module_preset=\u00bbdefault\u00bb header_2_font_size=\u00bb47px\u00bb header_2_line_height=\u00bb1.1em\u00bb custom_margin=\u00bb60px||20px||false|false\u00bb custom_margin_tablet=\u00bb40px||20px||false|false\u00bb custom_margin_phone=\u00bb20px||20px||false|false\u00bb custom_margin_last_edited=\u00bbon|phone\u00bb header_2_font_size_tablet=\u00bb37px\u00bb header_2_font_size_phone=\u00bb32px\u00bb header_2_font_size_last_edited=\u00bbon|phone\u00bb global_colors_info=\u00bb{}\u00bb header_2_line_height_tablet=\u00bb1.1em\u00bb header_2_line_height_phone=\u00bb1.1em\u00bb header_2_line_height_last_edited=\u00bbon|phone\u00bb]<\/p>\n<h2>Divisi\u00f3n de Fabricaci\u00f3n: Calidad probada desde el proceso hasta el producto acabado<\/h2>\n<p>[\/et_pb_text][et_pb_text _builder_version=\u00bb4.27.5&#8243; _module_preset=\u00bbdefault\u00bb text_font_size_tablet=\u00bb\u00bb text_font_size_phone=\u00bb16px\u00bb text_font_size_last_edited=\u00bbon|phone\u00bb text_line_height_tablet=\u00bb\u00bb text_line_height_phone=\u00bb1.5em\u00bb text_line_height_last_edited=\u00bbon|phone\u00bb locked=\u00bboff\u00bb global_colors_info=\u00bb{}\u00bb]En el coraz\u00f3n del Grupo Synov, nuestra divisi\u00f3n de Fabricaci\u00f3n transforma los dise\u00f1os en productos fiables listos para su despliegue en los mercados m\u00e1s exigentes.<\/p>\n<p>Nuestra filosof\u00eda de producci\u00f3n se basa en el principio de transparencia total: cada etapa del proceso est\u00e1 dise\u00f1ada para ser una prueba de calidad medible y rastreable. No esperamos a la inspecci\u00f3n final para validar un producto; incorporamos la fiabilidad en cada etapa de su montaje.[\/et_pb_text][\/et_pb_column][\/et_pb_row][\/et_pb_section][et_pb_section fb_built=\u00bb1&#8243; custom_padding_last_edited=\u00bbon|tablet\u00bb admin_label=\u00bbTitre %22Historique%22&#8243; _builder_version=\u00bb4.27.5&#8243; _module_preset=\u00bbdefault\u00bb width=\u00bb100%\u00bb max_width=\u00bb1015px\u00bb module_alignment=\u00bbcenter\u00bb custom_margin=\u00bb||||false|false\u00bb custom_padding=\u00bb0px|8%|0px|8%|false|true\u00bb custom_padding_tablet=\u00bb0px|12%|0px|12%|false|true\u00bb custom_padding_phone=\u00bb0px|6%|0px|6%|false|true\u00bb locked=\u00bboff\u00bb global_colors_info=\u00bb{}\u00bb][et_pb_row _builder_version=\u00bb4.27.4&#8243; _module_preset=\u00bbdefault\u00bb width=\u00bb100%\u00bb max_width=\u00bb100%\u00bb custom_padding=\u00bb0px||0px||true|false\u00bb global_colors_info=\u00bb{}\u00bb][et_pb_column type=\u00bb4_4&#8243; _builder_version=\u00bb4.27.4&#8243; _module_preset=\u00bbdefault\u00bb global_colors_info=\u00bb{}\u00bb][et_pb_text _builder_version=\u00bb4.27.5&#8243; _module_preset=\u00bbdefault\u00bb header_2_font_size=\u00bb47px\u00bb header_2_line_height=\u00bb1.1em\u00bb custom_margin=\u00bb60px||20px||false|false\u00bb custom_margin_tablet=\u00bb40px||20px||false|false\u00bb custom_margin_phone=\u00bb20px||20px||false|false\u00bb custom_margin_last_edited=\u00bbon|phone\u00bb header_2_font_size_tablet=\u00bb37px\u00bb header_2_font_size_phone=\u00bb32px\u00bb header_2_font_size_last_edited=\u00bbon|phone\u00bb global_colors_info=\u00bb{}\u00bb header_2_line_height_tablet=\u00bb1.1em\u00bb header_2_line_height_phone=\u00bb1.1em\u00bb header_2_line_height_last_edited=\u00bbon|phone\u00bb]<\/p>\n<h2>Nuestros procesos, tu garant\u00eda de rendimiento<\/h2>\n<p>[\/et_pb_text][et_pb_text _builder_version=\u00bb4.27.5&#8243; _module_preset=\u00bbdefault\u00bb custom_margin=\u00bb60px||20px||false|false\u00bb global_colors_info=\u00bb{}\u00bb header_2_font_size=\u00bb47px\u00bb header_2_font_size_tablet=\u00bb37px\u00bb header_2_font_size_phone=\u00bb32px\u00bb header_2_font_size_last_edited=\u00bbon|phone\u00bb header_2_line_height=\u00bb1.1em\u00bb header_2_line_height_tablet=\u00bb1.1em\u00bb header_2_line_height_phone=\u00bb1.1em\u00bb header_2_line_height_last_edited=\u00bbon|phone\u00bb custom_margin_tablet=\u00bb40px||20px||false|false\u00bb custom_margin_phone=\u00bb20px||20px||false|false\u00bb custom_margin_last_edited=\u00bbon|phone\u00bb]Cada producto que sale de nuestras f\u00e1bricas es el resultado de una metodolog\u00eda rigurosa, dise\u00f1ada para controlar la complejidad y garantizar la repetibilidad.[\/et_pb_text][et_pb_text _builder_version=\u00bb4.27.5&#8243; _module_preset=\u00bbdefault\u00bb text_font=\u00bb|800|||||||\u00bb text_text_color=\u00bb#75C2D6&#8243; text_font_size=\u00bb30px\u00bb header_3_font=\u00bb|800|||||||\u00bb header_3_text_color=\u00bb#75C2D6&#8243; header_3_font_size=\u00bb32px\u00bb custom_margin=\u00bb||20px||false|false\u00bb custom_margin_tablet=\u00bb\u00bb custom_margin_phone=\u00bb||0px||false|false\u00bb custom_margin_last_edited=\u00bbon|phone\u00bb text_font_size_tablet=\u00bb30px\u00bb text_font_size_phone=\u00bb30px\u00bb text_font_size_last_edited=\u00bbon|tablet\u00bb header_3_font_size_tablet=\u00bb28px\u00bb header_3_font_size_phone=\u00bb23px\u00bb header_3_font_size_last_edited=\u00bbon|phone\u00bb global_colors_info=\u00bb{}\u00bb]<\/p>\n<h3>Fabricaci\u00f3n de PCBA: la precisi\u00f3n como norma<\/h3>\n<p>[\/et_pb_text][et_pb_text _builder_version=\u00bb4.27.5&#8243; _module_preset=\u00bbdefault\u00bb custom_margin=\u00bb||60px||false|false\u00bb text_font_size_tablet=\u00bb\u00bb text_font_size_phone=\u00bb16px\u00bb text_font_size_last_edited=\u00bbon|phone\u00bb text_line_height_tablet=\u00bb\u00bb text_line_height_phone=\u00bb1.5em\u00bb text_line_height_last_edited=\u00bbon|phone\u00bb global_colors_info=\u00bb{}\u00bb]El rendimiento de un producto comienza con la integridad de su placa electr\u00f3nica. Nuestras l\u00edneas de montaje SMD de alta velocidad y los procesos THT se controlan para garantizar una precisi\u00f3n \u00f3ptima. La inspecci\u00f3n \u00f3ptica automatizada (AOI) y la inspecci\u00f3n por rayos X no son meras comprobaciones; son pasos que garantizan la integridad de cada uni\u00f3n soldada y la colocaci\u00f3n de cada componente, asegurando una base s\u00f3lida y fiable para tu producto.[\/et_pb_text][et_pb_text _builder_version=\u00bb4.27.5&#8243; _module_preset=\u00bbdefault\u00bb text_font=\u00bb|800|||||||\u00bb text_text_color=\u00bb#75C2D6&#8243; text_font_size=\u00bb30px\u00bb header_3_font=\u00bb|800|||||||\u00bb header_3_text_color=\u00bb#75C2D6&#8243; header_3_font_size=\u00bb32px\u00bb custom_margin=\u00bb||20px||false|false\u00bb custom_margin_tablet=\u00bb\u00bb custom_margin_phone=\u00bb||0px||false|false\u00bb custom_margin_last_edited=\u00bbon|phone\u00bb text_font_size_tablet=\u00bb30px\u00bb text_font_size_phone=\u00bb30px\u00bb text_font_size_last_edited=\u00bbon|tablet\u00bb header_3_font_size_tablet=\u00bb28px\u00bb header_3_font_size_phone=\u00bb23px\u00bb header_3_font_size_last_edited=\u00bbon|phone\u00bb global_colors_info=\u00bb{}\u00bb]<\/p>\n<h3>Cableado y montaje: fiabilidad en cada conexi\u00f3n<\/h3>\n<p>[\/et_pb_text][et_pb_text _builder_version=\u00bb4.27.5&#8243; _module_preset=\u00bbdefault\u00bb custom_margin=\u00bb||60px||false|false\u00bb text_font_size_tablet=\u00bb\u00bb text_font_size_phone=\u00bb16px\u00bb text_font_size_last_edited=\u00bbon|phone\u00bb text_line_height_tablet=\u00bb\u00bb text_line_height_phone=\u00bb1.5em\u00bb text_line_height_last_edited=\u00bbon|phone\u00bb global_colors_info=\u00bb{}\u00bb]Un sistema es tan fiable como su eslab\u00f3n m\u00e1s d\u00e9bil. Por eso damos tanta importancia a la fabricaci\u00f3n de arneses y subconjuntos. El corte y prensado automatizados, combinados con pruebas el\u00e9ctricas al 100%, garantizan que no haya un solo punto de fallo en el sistema nervioso de tu producto.[\/et_pb_text][et_pb_text _builder_version=\u00bb4.27.5&#8243; _module_preset=\u00bbdefault\u00bb text_font=\u00bb|800|||||||\u00bb text_text_color=\u00bb#75C2D6&#8243; text_font_size=\u00bb30px\u00bb header_3_font=\u00bb|800|||||||\u00bb header_3_text_color=\u00bb#75C2D6&#8243; header_3_font_size=\u00bb32px\u00bb custom_margin=\u00bb||20px||false|false\u00bb custom_margin_tablet=\u00bb\u00bb custom_margin_phone=\u00bb||0px||false|false\u00bb custom_margin_last_edited=\u00bbon|phone\u00bb text_font_size_tablet=\u00bb30px\u00bb text_font_size_phone=\u00bb30px\u00bb text_font_size_last_edited=\u00bbon|tablet\u00bb header_3_font_size_tablet=\u00bb28px\u00bb header_3_font_size_phone=\u00bb23px\u00bb header_3_font_size_last_edited=\u00bbon|phone\u00bb global_colors_info=\u00bb{}\u00bb]<\/p>\n<h3>Protecci\u00f3n y acabado: resiliencia en un entorno cr\u00edtico<\/h3>\n<p>[\/et_pb_text][et_pb_text _builder_version=\u00bb4.27.5&#8243; _module_preset=\u00bbdefault\u00bb custom_margin=\u00bb||40px||false|false\u00bb text_font_size_tablet=\u00bb\u00bb text_font_size_phone=\u00bb16px\u00bb text_font_size_last_edited=\u00bbon|phone\u00bb text_line_height_tablet=\u00bb\u00bb text_line_height_phone=\u00bb1.5em\u00bb text_line_height_last_edited=\u00bbon|phone\u00bb global_colors_info=\u00bb{}\u00bb]Un producto tiene que sobrevivir al mundo real. Nuestros procesos de protecci\u00f3n est\u00e1n dise\u00f1ados para responder a las limitaciones espec\u00edficas de tus entornos operativos. El sobremoldeo a baja presi\u00f3n (Hotmelt), el barnizado tropical o el revestimiento de resina no son acabados; son soluciones de ingenier\u00eda que garantizan la estanqueidad, la resistencia a las vibraciones y la protecci\u00f3n contra la corrosi\u00f3n.[\/et_pb_text][\/et_pb_column][\/et_pb_row][\/et_pb_section][et_pb_section fb_built=\u00bb1&#8243; custom_padding_last_edited=\u00bbon|phone\u00bb admin_label=\u00bbTitre %22Historique%22&#8243; _builder_version=\u00bb4.27.5&#8243; _module_preset=\u00bbdefault\u00bb width=\u00bb100%\u00bb max_width=\u00bb1015px\u00bb module_alignment=\u00bbcenter\u00bb custom_margin=\u00bb||||false|false\u00bb custom_padding=\u00bb0px|8%|120px|8%|false|true\u00bb custom_padding_tablet=\u00bb0px|12%|80px|12%|false|true\u00bb custom_padding_phone=\u00bb0px|6%|80px|6%|false|true\u00bb locked=\u00bboff\u00bb global_colors_info=\u00bb{}\u00bb][et_pb_row _builder_version=\u00bb4.27.4&#8243; _module_preset=\u00bbdefault\u00bb width=\u00bb100%\u00bb max_width=\u00bb100%\u00bb custom_padding=\u00bb0px||0px||true|false\u00bb global_colors_info=\u00bb{}\u00bb][et_pb_column type=\u00bb4_4&#8243; _builder_version=\u00bb4.27.4&#8243; _module_preset=\u00bbdefault\u00bb global_colors_info=\u00bb{}\u00bb][et_pb_text _builder_version=\u00bb4.27.5&#8243; _module_preset=\u00bbdefault\u00bb header_2_font_size=\u00bb47px\u00bb header_2_line_height=\u00bb1.1em\u00bb custom_margin=\u00bb60px||20px||false|false\u00bb custom_margin_tablet=\u00bb40px||20px||false|false\u00bb custom_margin_phone=\u00bb20px||20px||false|false\u00bb custom_margin_last_edited=\u00bbon|phone\u00bb header_2_font_size_tablet=\u00bb37px\u00bb header_2_font_size_phone=\u00bb32px\u00bb header_2_font_size_last_edited=\u00bbon|phone\u00bb global_colors_info=\u00bb{}\u00bb header_2_line_height_tablet=\u00bb1.1em\u00bb header_2_line_height_phone=\u00bb1.1em\u00bb header_2_line_height_last_edited=\u00bbon|phone\u00bb]<\/p>\n<h2>Trazabilidad completa para un control total<\/h2>\n<p>[\/et_pb_text][et_pb_text _builder_version=\u00bb4.27.5&#8243; _module_preset=\u00bbdefault\u00bb custom_margin=\u00bb||40px||false|false\u00bb text_font_size_tablet=\u00bb\u00bb text_font_size_phone=\u00bb16px\u00bb text_font_size_last_edited=\u00bbon|phone\u00bb text_line_height_tablet=\u00bb\u00bb text_line_height_phone=\u00bb1.5em\u00bb text_line_height_last_edited=\u00bbon|phone\u00bb global_colors_info=\u00bb{}\u00bb]Gracias a nuestro sistema de gesti\u00f3n de la producci\u00f3n (MES), garantizamos la trazabilidad completa de los componentes y los par\u00e1metros de fabricaci\u00f3n de cada producto. Esta transparencia no s\u00f3lo es una garant\u00eda de calidad, sino tambi\u00e9n una herramienta de gesti\u00f3n de riesgos que permite un an\u00e1lisis preciso y una reactividad inmediata a lo largo del ciclo de vida de tus equipos.[\/et_pb_text][\/et_pb_column][\/et_pb_row][et_pb_row _builder_version=\u00bb4.27.5&#8243; _module_preset=\u00bbdefault\u00bb width=\u00bb100%\u00bb max_width=\u00bb100%\u00bb custom_padding=\u00bb40px||||false|false\u00bb global_colors_info=\u00bb{}\u00bb][et_pb_column type=\u00bb4_4&#8243; _builder_version=\u00bb4.27.4&#8243; _module_preset=\u00bbdefault\u00bb global_colors_info=\u00bb{}\u00bb][et_pb_text _builder_version=\u00bb4.27.5&#8243; _module_preset=\u00bbdefault\u00bb custom_margin=\u00bb0px||||false|false\u00bb text_font_size_tablet=\u00bb\u00bb text_font_size_phone=\u00bb16px\u00bb text_font_size_last_edited=\u00bbon|phone\u00bb text_line_height_tablet=\u00bb\u00bb text_line_height_phone=\u00bb1.5em\u00bb text_line_height_last_edited=\u00bbon|phone\u00bb global_colors_info=\u00bb{}\u00bb]Nuestro compromiso va m\u00e1s all\u00e1 de la simple producci\u00f3n. Ofrecemos una asociaci\u00f3n industrial basada en la excelencia t\u00e9cnica y la total transparencia del proceso.[\/et_pb_text][et_pb_button button_url=\u00bbhttps:\/\/www.synov-groupe.com\/nous-contacter\/\u00bb button_text=\u00bbDiscute tus requisitos de producci\u00f3n\u00bb button_alignment=\u00bbcenter\u00bb _builder_version=\u00bb4.27.5&#8243; _module_preset=\u00bbdefault\u00bb custom_button=\u00bbon\u00bb button_text_size=\u00bb18px\u00bb button_text_color=\u00bb#FFFFFF\u00bb button_bg_color=\u00bb#418D9E\u00bb button_border_width=\u00bb0px\u00bb button_border_radius=\u00bb0px\u00bb button_font=\u00bb|700|||||||\u00bb button_use_icon=\u00bboff\u00bb position_origin_a=\u00bbbottom_left\u00bb custom_margin=\u00bb60px||0px||false|false\u00bb custom_padding=\u00bb20px|35px|20px|35px|true|true\u00bb hover_enabled=\u00bb0&#8243; button_text_size_tablet=\u00bb18px\u00bb button_text_size_phone=\u00bb16px\u00bb button_text_size_last_edited=\u00bbon|phone\u00bb custom_css_free_form=\u00bbselector {||  width:100%;||  height:100%;||}\u00bb locked=\u00bboff\u00bb global_colors_info=\u00bb{}\u00bb button_text_color__hover=\u00bb#FFFFFF\u00bb button_text_color__hover_enabled=\u00bbon|desktop\u00bb button_bg_color__hover=\u00bb#75C2D6&#8243; button_bg_color__hover_enabled=\u00bbon|hover\u00bb button_border_color__hover=\u00bb#FFFFFF\u00bb button_border_color__hover_enabled=\u00bboff|desktop\u00bb button_bg_enable_color__hover=\u00bbon\u00bb sticky_enabled=\u00bb0&#8243;][\/et_pb_button][\/et_pb_column][\/et_pb_row][\/et_pb_section]<\/p>\n","protected":false},"excerpt":{"rendered":"<p>Fabricaci\u00f3nDivisi\u00f3n de Fabricaci\u00f3n: Calidad probada desde el proceso hasta el producto acabadoEn el coraz\u00f3n del Grupo Synov, nuestra divisi\u00f3n de Fabricaci\u00f3n transforma los dise\u00f1os en productos fiables listos para su despliegue en los mercados m\u00e1s exigentes. Nuestra filosof\u00eda de producci\u00f3n se basa en el principio de transparencia total: cada etapa del proceso est\u00e1 dise\u00f1ada para [&hellip;]<\/p>\n","protected":false},"author":3,"featured_media":0,"parent":0,"menu_order":0,"comment_status":"closed","ping_status":"closed","template":"","meta":{"_acf_changed":false,"_seopress_robots_primary_cat":"","_seopress_titles_title":"Divisi\u00f3n de Fabricaci\u00f3n - Producci\u00f3n fiable para entornos exigentes | Grupo Synov","_seopress_titles_desc":"El Grupo SYNOV fabrica tus equipos electr\u00f3nicos mediante procesos controlados: montaje SMD\/THT, AOI, rayos X, cableado, protecci\u00f3n y trazabilidad total.","_seopress_robots_index":"","_et_pb_use_builder":"on","_et_pb_old_content":"","_et_gb_content_width":"","footnotes":""},"dipi_cpt_category":[],"class_list":["post-2310","page","type-page","status-publish","hentry"],"acf":[],"_links":{"self":[{"href":"https:\/\/www.synov-groupe.com\/es\/wp-json\/wp\/v2\/pages\/2310","targetHints":{"allow":["GET"]}}],"collection":[{"href":"https:\/\/www.synov-groupe.com\/es\/wp-json\/wp\/v2\/pages"}],"about":[{"href":"https:\/\/www.synov-groupe.com\/es\/wp-json\/wp\/v2\/types\/page"}],"author":[{"embeddable":true,"href":"https:\/\/www.synov-groupe.com\/es\/wp-json\/wp\/v2\/users\/3"}],"replies":[{"embeddable":true,"href":"https:\/\/www.synov-groupe.com\/es\/wp-json\/wp\/v2\/comments?post=2310"}],"version-history":[{"count":2,"href":"https:\/\/www.synov-groupe.com\/es\/wp-json\/wp\/v2\/pages\/2310\/revisions"}],"predecessor-version":[{"id":2312,"href":"https:\/\/www.synov-groupe.com\/es\/wp-json\/wp\/v2\/pages\/2310\/revisions\/2312"}],"wp:attachment":[{"href":"https:\/\/www.synov-groupe.com\/es\/wp-json\/wp\/v2\/media?parent=2310"}],"wp:term":[{"taxonomy":"dipi_cpt_category","embeddable":true,"href":"https:\/\/www.synov-groupe.com\/es\/wp-json\/wp\/v2\/dipi_cpt_category?post=2310"}],"curies":[{"name":"wp","href":"https:\/\/api.w.org\/{rel}","templated":true}]}}