{"id":2613,"date":"2025-12-09T08:55:36","date_gmt":"2025-12-09T08:55:36","guid":{"rendered":"https:\/\/www.synov-groupe.com\/unsere-standorte\/"},"modified":"2026-04-17T14:46:11","modified_gmt":"2026-04-17T14:46:11","slug":"unsere-standorte","status":"publish","type":"page","link":"https:\/\/www.synov-groupe.com\/de\/unsere-standorte\/","title":{"rendered":"Unsere Standorte"},"content":{"rendered":"<p>[et_pb_section fb_built=&#8220;1&#8243; admin_label=&#8220;H1&#8243; _builder_version=&#8220;4.27.5&#8243; _module_preset=&#8220;default&#8220; background_color=&#8220;#245c74&#8243; custom_margin=&#8220;0px||0px||true|false&#8220; custom_padding=&#8220;0px||0px||true|false&#8220; locked=&#8220;off&#8220; global_colors_info=&#8220;{}&#8220;][et_pb_row make_equal=&#8220;on&#8220; _builder_version=&#8220;4.27.5&#8243; _module_preset=&#8220;default&#8220; background_image=&#8220;https:\/\/www.synov-groupe.com\/wp-content\/uploads\/2026\/03\/Nos-implantations.webp&#8220; width=&#8220;100%&#8220; max_width=&#8220;100%&#8220; min_height=&#8220;400px&#8220; min_height_tablet=&#8220;400px&#8220; min_height_phone=&#8220;310px&#8220; min_height_last_edited=&#8220;on|phone&#8220; height=&#8220;75vh&#8220; height_tablet=&#8220;35vh&#8220; height_phone=&#8220;310px&#8220; height_last_edited=&#8220;on|tablet&#8220; custom_margin=&#8220;0px||0px||true|false&#8220; custom_padding=&#8220;0px||0px||true|false&#8220; filter_opacity=&#8220;85%&#8220; background_last_edited=&#8220;on|tablet&#8220; background_position_tablet=&#8220;center_left&#8220; background_position_phone=&#8220;center&#8220; global_colors_info=&#8220;{}&#8220;][et_pb_column type=&#8220;4_4&#8243; _builder_version=&#8220;4.27.4&#8243; _module_preset=&#8220;default&#8220; custom_css_free_form=&#8220;selector {||align-self:center;||}&#8220; global_colors_info=&#8220;{}&#8220;][\/et_pb_column][\/et_pb_row][et_pb_row _builder_version=&#8220;4.27.4&#8243; _module_preset=&#8220;default&#8220; positioning=&#8220;absolute&#8220; position_origin_a=&#8220;center_center&#8220; global_colors_info=&#8220;{}&#8220;][et_pb_column type=&#8220;4_4&#8243; _builder_version=&#8220;4.27.4&#8243; _module_preset=&#8220;default&#8220; global_colors_info=&#8220;{}&#8220;][et_pb_text _builder_version=&#8220;4.27.6&#8243; _module_preset=&#8220;default&#8220; header_text_align=&#8220;center&#8220; header_text_color=&#8220;#FFFFFF&#8220; header_font_size=&#8220;80px&#8220; header_line_height=&#8220;1.2em&#8220; position_origin_a=&#8220;center_center&#8220; width=&#8220;100%&#8220; custom_padding=&#8220;|0px||0px|false|true&#8220; hover_enabled=&#8220;0&#8243; header_font_size_tablet=&#8220;70px&#8220; header_font_size_phone=&#8220;48px&#8220; header_font_size_last_edited=&#8220;on|phone&#8220; header_line_height_tablet=&#8220;1.2em&#8220; header_line_height_phone=&#8220;1.1em&#8220; header_line_height_last_edited=&#8220;on|desktop&#8220; header_text_shadow_style=&#8220;preset3&#8243; header_text_shadow_blur_strength=&#8220;20px&#8220; header_text_shadow_color=&#8220;rgba(0,0,0,0.5)&#8220; global_colors_info=&#8220;{}&#8220; sticky_enabled=&#8220;0&#8243;]<\/p>\n<h1>Unsere Standorte<\/h1>\n<p>[\/et_pb_text][\/et_pb_column][\/et_pb_row][\/et_pb_section][et_pb_section fb_built=&#8220;1&#8243; custom_padding_last_edited=&#8220;on|tablet&#8220; admin_label=&#8220;Titre %22Notre m\u00e9tier%22&#8243; _builder_version=&#8220;4.27.5&#8243; _module_preset=&#8220;default&#8220; width=&#8220;100%&#8220; max_width=&#8220;1015px&#8220; module_alignment=&#8220;center&#8220; custom_margin=&#8220;-150px||||false|false&#8220; custom_margin_tablet=&#8220;0px||||false|false&#8220; custom_margin_phone=&#8220;0px||||false|false&#8220; custom_margin_last_edited=&#8220;on|tablet&#8220; custom_padding=&#8220;40px|8%|0px|8%|false|true&#8220; custom_padding_tablet=&#8220;40px|12%|0px|12%|false|true&#8220; custom_padding_phone=&#8220;40px|6%|0px|6%|false|true&#8220; locked=&#8220;off&#8220; global_colors_info=&#8220;{}&#8220;][et_pb_row _builder_version=&#8220;4.27.6&#8243; _module_preset=&#8220;default&#8220; width=&#8220;100%&#8220; max_width=&#8220;100%&#8220; custom_margin=&#8220;-35px||||false|false&#8220; custom_margin_last_edited=&#8220;off|desktop&#8220; custom_padding=&#8220;0px||0px||true|false&#8220; global_colors_info=&#8220;{}&#8220;][et_pb_column type=&#8220;4_4&#8243; _builder_version=&#8220;4.27.4&#8243; _module_preset=&#8220;default&#8220; global_colors_info=&#8220;{}&#8220;][et_pb_text _builder_version=&#8220;4.27.5&#8243; _module_preset=&#8220;default&#8220; ul_line_height=&#8220;1.6em&#8220; custom_margin=&#8220;60px||||false|false&#8220; custom_margin_tablet=&#8220;60px||||false|false&#8220; custom_margin_phone=&#8220;40px||||false|false&#8220; custom_margin_last_edited=&#8220;on|phone&#8220; text_font_size_tablet=&#8220;&#8220; text_font_size_phone=&#8220;16px&#8220; text_font_size_last_edited=&#8220;on|phone&#8220; text_line_height_tablet=&#8220;&#8220; text_line_height_phone=&#8220;1.5em&#8220; text_line_height_last_edited=&#8220;on|phone&#8220; locked=&#8220;off&#8220; global_colors_info=&#8220;{}&#8220;]SYNOV st\u00fctzt sich auf die Geschichte und die Erfahrung seiner Unternehmen, die in ganz Frankreich und mit Einrichtungen im Ausland vertreten sind und wettbewerbsf\u00e4hige Produktionskapazit\u00e4ten anbieten k\u00f6nnen.[\/et_pb_text][et_pb_text _builder_version=&#8220;4.27.5&#8243; _module_preset=&#8220;default&#8220; header_2_font_size=&#8220;47px&#8220; header_2_line_height=&#8220;1.1em&#8220; custom_margin=&#8220;60px||20px||false|false&#8220; custom_margin_tablet=&#8220;40px||20px||false|false&#8220; custom_margin_phone=&#8220;20px||20px||false|false&#8220; custom_margin_last_edited=&#8220;on|phone&#8220; header_2_font_size_tablet=&#8220;37px&#8220; header_2_font_size_phone=&#8220;32px&#8220; header_2_font_size_last_edited=&#8220;on|phone&#8220; header_2_line_height_tablet=&#8220;1.1em&#8220; header_2_line_height_phone=&#8220;1.1em&#8220; header_2_line_height_last_edited=&#8220;on|phone&#8220; global_colors_info=&#8220;{}&#8220;]<\/p>\n<h2>Wo Sie uns finden<\/h2>\n<p>[\/et_pb_text][\/et_pb_column][\/et_pb_row][\/et_pb_section][et_pb_section fb_built=&#8220;1&#8243; _builder_version=&#8220;4.27.5&#8243; _module_preset=&#8220;default&#8220; custom_padding=&#8220;0px||0px||true|false&#8220; locked=&#8220;off&#8220; global_colors_info=&#8220;{}&#8220;][et_pb_row _builder_version=&#8220;4.27.5&#8243; _module_preset=&#8220;default&#8220; width=&#8220;100%&#8220; max_width=&#8220;100%&#8220; custom_margin=&#8220;0px||0px||true|false&#8220; custom_padding=&#8220;0px||0px||true|false&#8220; global_colors_info=&#8220;{}&#8220;][et_pb_column type=&#8220;4_4&#8243; _builder_version=&#8220;4.27.5&#8243; _module_preset=&#8220;default&#8220; global_colors_info=&#8220;{}&#8220;][supreme_leaflet_map use_custom_latlng=&#8220;on&#8220; address_custom_lat=&#8220;45.05127064050438&#8243; address_custom_lng=&#8220;3.965281613492953&#8243; address_custom_zoom=&#8220;3&#8243; popup_max_width=&#8220;200&#8243; close_popup_on_click=&#8220;on&#8220; auto_close_popup=&#8220;on&#8220; marker_cluster=&#8220;on&#8220; max_cluster_radius=&#8220;45&#8243; _builder_version=&#8220;4.27.5&#8243; _module_preset=&#8220;default&#8220; popup_title_level=&#8220;h3&#8243; popup_title_text_align=&#8220;center&#8220; popup_title_text_color=&#8220;#020B25&#8243; popup_title_font_size=&#8220;19px&#8220; popup_content_font_size=&#8220;17px&#8220; height=&#8220;75vh&#8220; popup_title_font_size_tablet=&#8220;18px&#8220; popup_title_font_size_phone=&#8220;15px&#8220; popup_title_font_size_last_edited=&#8220;on|phone&#8220; global_colors_info=&#8220;{}&#8220;][supreme_leaflet_map_item admin_title=&#8220;adetec&#8220; use_custom_latlng=&#8220;on&#8220; address_custom_lat=&#8220;44.853067829027175&#8243; address_custom_lng=&#8220;0.48073676732037496&#8243; _builder_version=&#8220;4.27.5&#8243; _module_preset=&#8220;default&#8220; global_colors_info=&#8220;{}&#8220;]<\/p>\n<p><img decoding=\"async\" src=\"https:\/\/www.synov-groupe.com\/wp-content\/uploads\/2025\/12\/logo-adetec.png\" width=\"100%\" height=\"auto\" alt=\"Logo Adetec\" class=\"wp-image-225 alignnone size-full\"><\/p>\n<p style=\"text-align: center;\"><strong>Adetec<\/strong><\/p>\n<p>\ud83d\udccd 33.000 Bordeaux<\/p>\n<p>\ud83d\udd17 https:\/\/adetec.co <a href=\"https:\/\/adetec.com\/\">m\/<\/a><\/p>\n<p>[\/supreme_leaflet_map_item][supreme_leaflet_map_item admin_title=&#8220;Achats et production SYNOV&#8220; use_custom_latlng=&#8220;on&#8220; address_custom_lat=&#8220;37.47364910699519&#8243; address_custom_lng=&#8220;121.44826018899947&#8243; _builder_version=&#8220;4.27.5&#8243; _module_preset=&#8220;default&#8220; global_colors_info=&#8220;{}&#8220;]<\/p>\n<p style=\"text-align: center;\"><img loading=\"lazy\" decoding=\"async\" src=\"https:\/\/www.synov-groupe.com\/wp-content\/uploads\/2025\/12\/logo-synov-300x80.png\" width=\"300\" height=\"80\" alt=\"Logo der SYNOV-Gruppe\" class=\"wp-image-69 alignnone size-medium\"><\/p>\n<p style=\"text-align: center;\"><strong>Einkauf und Produktion SYNOV<\/strong><\/p>\n<p>\ud83d\udccd Yantai[\/supreme_leaflet_map_item][supreme_leaflet_map_item admin_title=&#8220;Arcom&#8220; use_custom_latlng=&#8220;on&#8220; address_custom_lat=&#8220;45.7185755944336&#8243; address_custom_lng=&#8220;4.699266226317231&#8243; _builder_version=&#8220;4.27.5&#8243; _module_preset=&#8220;default&#8220; global_colors_info=&#8220;{}&#8220;]<img alt=\"\" alt=\"\" loading=\"lazy\" decoding=\"async\" src=\"https:\/\/www.synov-groupe.com\/wp-content\/uploads\/2025\/12\/logo-arcom-300x124.png\" width=\"300\" height=\"124\" alt=\"\" class=\"wp-image-218 alignnone size-medium\" style=\"display: block; margin-left: auto; margin-right: auto;\"><\/p>\n<p style=\"text-align: center;\"><strong>Arcom<\/strong><\/p>\n<p>\ud83d\udccd 27 Rue du Chapitre,<br \/>\n69126 BRINDAS<\/p>\n<p>\ud83d\udd17 https:\/\/www.gro <a href=\"https:\/\/www.groupe-arcom.com\">upe-arcom.com<\/a>[\/supreme_leaflet_map_item][supreme_leaflet_map_item admin_title=&#8220;ALTEC ATLS&#8220; use_custom_latlng=&#8220;on&#8220; address_custom_lat=&#8220;49.05206249357556&#8243; address_custom_lng=&#8220;2.1258752957607596&#8243; _builder_version=&#8220;4.27.5&#8243; _module_preset=&#8220;default&#8220; global_colors_info=&#8220;{}&#8220;]<\/p>\n<p><img loading=\"lazy\" decoding=\"async\" src=\"https:\/\/www.synov-groupe.com\/wp-content\/uploads\/2025\/12\/logo-altec-300x151.png\" width=\"300\" height=\"151\" alt=\"Logo Altec\" class=\"wp-image-235 alignnone size-medium\" style=\"display: block; margin-left: auto; margin-right: auto;\"><\/p>\n<p style=\"text-align: center;\"><strong>Altec ATLS<\/strong><\/p>\n<p>\ud83d\udccd 3 rue de la Guivernone, Z.I du Vert Galant 95310<br \/>95310 Saint-Ouen-l&#8217;Aum\u00f4ne<\/p>\n<p>\ud83d\udd17 https:\/\/www.altec-atls.f <a href=\"https:\/\/www.altec-atls.fr\">r<\/a><\/p>\n<p>[\/supreme_leaflet_map_item][supreme_leaflet_map_item admin_title=&#8220;Prima Electro&#8220; use_custom_latlng=&#8220;on&#8220; address_custom_lat=&#8220;44.99285834404294&#8243; address_custom_lng=&#8220;7.670730997454547&#8243; _builder_version=&#8220;4.27.5&#8243; _module_preset=&#8220;default&#8220; global_colors_info=&#8220;{}&#8220;]<\/p>\n<p style=\"text-align: center;\"><img alt=\"\" alt=\"\" loading=\"lazy\" decoding=\"async\" src=\"https:\/\/www.synov-groupe.com\/wp-content\/uploads\/2025\/12\/logo-prima-electro-300x100.png\" width=\"300\" height=\"100\" alt=\"\" class=\"wp-image-233 alignnone size-medium\"><\/p>\n<p style=\"text-align: center;\"><strong>Prima Electro<\/strong><\/p>\n<p>\ud83d\udccd Strada Carignano, 48\/2 &#8211; 10024 Moncalieri (TO) ITALY<br \/>Moncalieri<\/p>\n<p>\ud83d\udd17 https:\/\/www.prima <a href=\"https:\/\/www.primaelectro.com\"><br \/>electro .com<\/a><\/p>\n<p>[\/supreme_leaflet_map_item][supreme_leaflet_map_item admin_title=&#8220;Prima Electro China&#8220; use_custom_latlng=&#8220;on&#8220; address_custom_lat=&#8220;31.29924717681257&#8243; address_custom_lng=&#8220;120.58695997194535&#8243; _builder_version=&#8220;4.27.5&#8243; _module_preset=&#8220;default&#8220; global_colors_info=&#8220;{}&#8220;]<img loading=\"lazy\" decoding=\"async\" src=\"https:\/\/www.synov-groupe.com\/wp-content\/uploads\/2025\/12\/logo-prima-electro-300x100.png\" width=\"300\" height=\"100\" alt=\"Logo Prima Electro\" class=\"wp-image-233 alignnone size-medium\" style=\"display: block; margin-left: auto; margin-right: auto;\"><\/p>\n<p style=\"text-align: center;\"><strong>Prima Electro China<\/strong><\/p>\n<p>\ud83d\udd17  <a href=\"https:\/\/www.primaelectro.com\">https:\/\/www.prima<br \/>\nelectro.com<\/a>[\/supreme_leaflet_map_item][supreme_leaflet_map_item admin_title=&#8220;Laudren Electronique&#8220; use_custom_latlng=&#8220;on&#8220; address_custom_lat=&#8220;47.7901201934468&#8243; address_custom_lng=&#8220;-3.3186947368486934&#8243; _builder_version=&#8220;4.27.5&#8243; _module_preset=&#8220;default&#8220; global_colors_info=&#8220;{}&#8220;]<\/p>\n<p><img loading=\"lazy\" decoding=\"async\" src=\"https:\/\/www.synov-groupe.com\/wp-content\/uploads\/2025\/12\/logo-laudren-electronique-300x98.png\" width=\"300\" height=\"98\" alt=\"Logo Laudren Electronique\" class=\"wp-image-230 alignnone size-medium\" style=\"display: block; margin-left: auto; margin-right: auto;\"><\/p>\n<p style=\"text-align: center;\"><strong>Laudren Electronic<\/strong><\/p>\n<p>\ud83d\udccd 235 Rue de la Montagne du Salut<br \/>56600 LANESTER<\/p>\n<p>\ud83d\udd17 https:\/\/laudren-electronique.f <a href=\"https:\/\/laudren-electronique.fr\">r<\/a><\/p>\n<p>[\/supreme_leaflet_map_item][supreme_leaflet_map_item admin_title=&#8220;JFIE&#8220; use_custom_latlng=&#8220;on&#8220; address_custom_lat=&#8220;45.31460018949083&#8243; address_custom_lng=&#8220;3.376003184916058&#8243; _builder_version=&#8220;4.27.5&#8243; _module_preset=&#8220;default&#8220; global_colors_info=&#8220;{}&#8220;]<\/p>\n<p><img loading=\"lazy\" decoding=\"async\" src=\"https:\/\/www.synov-groupe.com\/wp-content\/uploads\/2025\/12\/logo-jf-industries-electriques-300x76.png\" width=\"300\" height=\"76\" alt=\"JFIE-Logo\" class=\"wp-image-258 alignnone size-medium\" style=\"display: block; margin-left: auto; margin-right: auto;\"><\/p>\n<p style=\"text-align: center;\"><strong>JFIE<\/strong><\/p>\n<p>\ud83d\udccd Rue Lavoisier<br \/>43100 Brioude<\/p>\n<p>\ud83d\udd17 https:\/\/www.jf-industries.co <a href=\"https:\/\/www.jf-industries.com\/\">m\/<\/a><\/p>\n<p>[\/supreme_leaflet_map_item][supreme_leaflet_map_item admin_title=&#8220;SYMES&#8220; use_custom_latlng=&#8220;on&#8220; address_custom_lat=&#8220;43.6708892970499&#8243; address_custom_lng=&#8220;7.130799445342323&#8243; _builder_version=&#8220;4.27.5&#8243; _module_preset=&#8220;default&#8220; global_colors_info=&#8220;{}&#8220;]<\/p>\n<p><img loading=\"lazy\" decoding=\"async\" src=\"https:\/\/www.synov-groupe.com\/wp-content\/uploads\/2025\/12\/logo-symes-300x97.png\" width=\"300\" height=\"97\" alt=\"Logo SYMES\" class=\"wp-image-238 alignnone size-medium\" style=\"display: block; margin-left: auto; margin-right: auto;\"><\/p>\n<p style=\"text-align: center;\"><strong>SYMES<\/strong><\/p>\n<p>\ud83d\udccd 9 chemin des Presses, Technopolis<br \/>06800 Cagnes-sur-Mer<\/p>\n<p>\ud83d\udd17 https:\/\/www.symes.f <a href=\"https:\/\/www.symes.fr\">r<\/a><\/p>\n<p>[\/supreme_leaflet_map_item][supreme_leaflet_map_item admin_title=&#8220;Arthese&#8220; use_custom_latlng=&#8220;on&#8220; address_custom_lat=&#8220;48.96110241501505&#8243; address_custom_lng=&#8220;1.814230471310902&#8243; _builder_version=&#8220;4.27.5&#8243; _module_preset=&#8220;default&#8220; global_colors_info=&#8220;{}&#8220;]<\/p>\n<p><img loading=\"lazy\" decoding=\"async\" src=\"https:\/\/www.synov-groupe.com\/wp-content\/uploads\/2025\/12\/logo-arthese.webp\" width=\"252\" height=\"120\" alt=\"Arthese Logo\" class=\"wp-image-249 alignnone size-full\" style=\"display: block; margin-left: auto; margin-right: auto;\"><\/p>\n<p style=\"text-align: center;\"><strong>Arthese<\/strong><\/p>\n<p>\ud83d\udccd 264 Avenue de la Mauldre<br \/>78680 \u00c9p\u00f4ne<\/p>\n<p>\ud83d\udd17 https:\/\/www.arthese.f <a href=\"https:\/\/www.arthese.fr\/\">r\/<\/a><\/p>\n<p>[\/supreme_leaflet_map_item][supreme_leaflet_map_item admin_title=&#8220;RV Constructions \u00c9lectriques&#8220; use_custom_latlng=&#8220;on&#8220; address_custom_lat=&#8220;45.051846770353876&#8243; address_custom_lng=&#8220;3.9652445387220125&#8243; _builder_version=&#8220;4.27.5&#8243; _module_preset=&#8220;default&#8220; global_colors_info=&#8220;{}&#8220;]<\/p>\n<p><img loading=\"lazy\" decoding=\"async\" src=\"https:\/\/www.synov-groupe.com\/wp-content\/uploads\/2025\/12\/logo-rv-constructions-electriques-300x194.jpg\" width=\"300\" height=\"194\" alt=\"Logo RV Constructions \u00c9lectriques\" class=\"wp-image-269 alignnone size-medium\" style=\"display: block; margin-left: auto; margin-right: auto;\"><\/p>\n<p style=\"text-align: center;\"><strong>RV Constructions \u00c9lectriques<\/strong><\/p>\n<p>\ud83d\udccd 596, Rue Antoine Lavoisier<br \/>43700 Saint Germain Laprade<\/p>\n<p>\ud83d\udd17 http:\/\/www.cerv.co <a href=\"http:\/\/www.cerv.com\/\">m\/<\/a><\/p>\n<p>[\/supreme_leaflet_map_item][supreme_leaflet_map_item admin_title=&#8220;Sectronic&#8220; use_custom_latlng=&#8220;on&#8220; address_custom_lat=&#8220;47.09924804742772&#8243; address_custom_lng=&#8220;0.6094318166857965&#8243; _builder_version=&#8220;4.27.5&#8243; _module_preset=&#8220;default&#8220; global_colors_info=&#8220;{}&#8220;]<\/p>\n<p><img loading=\"lazy\" decoding=\"async\" src=\"https:\/\/www.synov-groupe.com\/wp-content\/uploads\/2025\/12\/logo-sectronic-300x53.png\" width=\"300\" height=\"53\" alt=\"Logo SECTRONIC\" class=\"wp-image-242 alignnone size-medium\" style=\"display: block; margin-left: auto; margin-right: auto;\"><\/p>\n<p style=\"text-align: center;\"><strong>Sectronic<\/strong><\/p>\n<p>\ud83d\udccd Z.I. Les, Le Chemin des Saulniers<br \/>37800 Sainte-Maure-de-Touraine<\/p>\n<p>\ud83d\udd17 https:\/\/sectronic.f <a href=\"https:\/\/sectronic.fr\/\">r\/<\/a><\/p>\n<p>[\/supreme_leaflet_map_item][supreme_leaflet_map_item admin_title=&#8220;A2E&#8220; use_custom_latlng=&#8220;on&#8220; address_custom_lat=&#8220;47.576772168620444&#8243; address_custom_lng=&#8220;6.765980878365153&#8243; _builder_version=&#8220;4.27.5&#8243; _module_preset=&#8220;default&#8220; global_colors_info=&#8220;{}&#8220;]<\/p>\n<p><img loading=\"lazy\" decoding=\"async\" src=\"https:\/\/www.synov-groupe.com\/wp-content\/uploads\/2025\/12\/logo-a2e.png\" width=\"238\" height=\"117\" alt=\"A2E-Logo\" class=\"wp-image-252 alignnone size-full\" style=\"display: block; margin-left: auto; margin-right: auto;\"><\/p>\n<p style=\"text-align: center;\"><strong>A2E<\/strong><\/p>\n<p>\ud83d\udccd 1 Ter Rue Louis Pasteur<br \/>70400 H\u00e9ricourt<\/p>\n<p>\ud83d\udd17 https:\/\/www.a2e.f <a href=\"https:\/\/www.a2e.fr\/\">r\/<\/a><\/p>\n<p>[\/supreme_leaflet_map_item][supreme_leaflet_map_item admin_title=&#8220;OEM Industry&#8220; use_custom_latlng=&#8220;on&#8220; address_custom_lat=&#8220;46.2109496555018&#8243; address_custom_lng=&#8220;4.773651550580154&#8243; _builder_version=&#8220;4.27.5&#8243; _module_preset=&#8220;default&#8220; global_colors_info=&#8220;{}&#8220;]<\/p>\n<p><img loading=\"lazy\" decoding=\"async\" src=\"https:\/\/www.synov-groupe.com\/wp-content\/uploads\/2025\/12\/logo-oem-industry.png\" width=\"282\" height=\"110\" alt=\"Logo OEM Industry\" class=\"wp-image-247 alignnone size-full\" style=\"display: block; margin-left: auto; margin-right: auto;\"><\/p>\n<p style=\"text-align: center;\"><strong>OEM Industrie<\/strong><\/p>\n<p>\ud83d\udccd 724 Rte des Deschamps<br \/>71570 La Chapelle-de-Guinchay<\/p>\n<p>\ud83d\udd17 https:\/\/www.o <a href=\"https:\/\/www.oem-industry.com\/\">em-industry.com\/<\/a><\/p>\n<ul>\n<li>Design und Integration von elektronischen Produkten<\/li>\n<li>Leistungselektronik<\/li>\n<li>Energieumwandlung<\/li>\n<li>Maschinensteuerung<\/li>\n<li>AC\/DC Stromversorgung DC\/DC<\/li>\n<\/ul>\n<p>[\/supreme_leaflet_map_item][supreme_leaflet_map_item admin_title=&#8220;Tunelec&#8220; use_custom_latlng=&#8220;on&#8220; address_custom_lat=&#8220;37.225344124399676&#8243; address_custom_lng=&#8220;9.93491388002236&#8243; _builder_version=&#8220;4.27.5&#8243; _module_preset=&#8220;default&#8220; global_colors_info=&#8220;{}&#8220;]<\/p>\n<p><img loading=\"lazy\" decoding=\"async\" src=\"https:\/\/www.synov-groupe.com\/wp-content\/uploads\/2025\/12\/logo-tunelec.jpeg\" width=\"200\" height=\"200\" alt=\"Tunelec-Logo\" class=\"wp-image-265 alignnone size-full\" style=\"display: block; margin-left: auto; margin-right: auto;\"><\/p>\n<p style=\"text-align: center;\"><strong> Tunelec <\/strong><\/p>\n<p>\ud83d\udccd Z.I. de Menjel Jemil<br \/>7080 Bizerte (Tunesien)<\/p>\n<p>[\/supreme_leaflet_map_item][supreme_leaflet_map_item admin_title=&#8220;Si\u00e8ge Groupe SYNOV&#8220; use_custom_latlng=&#8220;on&#8220; address_custom_lat=&#8220;45.754208383789546&#8243; address_custom_lng=&#8220;4.830423439139349&#8243; _builder_version=&#8220;4.27.5&#8243; _module_preset=&#8220;default&#8220; global_colors_info=&#8220;{}&#8220;]<\/p>\n<p><img loading=\"lazy\" decoding=\"async\" src=\"https:\/\/www.synov-groupe.com\/wp-content\/uploads\/2025\/12\/logo-synov-300x80.png\" width=\"300\" height=\"80\" alt=\"Logo der SYNOV-Gruppe\" class=\"wp-image-69 alignnone size-medium\" style=\"display: block; margin-left: auto; margin-right: auto;\"><\/p>\n<p style=\"text-align: center;\"><strong>Hauptsitz der SYNOV-Gruppe<\/strong><\/p>\n<p>\ud83d\udccd 27 Rue Auguste Comte<br \/>69002 Lyon<\/p>\n<p>[\/supreme_leaflet_map_item][\/supreme_leaflet_map][\/et_pb_column][\/et_pb_row][\/et_pb_section]<\/p>\n","protected":false},"excerpt":{"rendered":"<p>Unsere StandorteSYNOV st\u00fctzt sich auf die Geschichte und die Erfahrung seiner Unternehmen, die in ganz Frankreich und mit Einrichtungen im Ausland vertreten sind und wettbewerbsf\u00e4hige Produktionskapazit\u00e4ten anbieten k\u00f6nnen.Wo Sie uns finden<div class=\"et_pb_module supreme_leaflet_map supreme_leaflet_map_0\">\n\t\t\t\t\n\t\t\t\t\n\t\t\t\t\n\t\t\t\t\n\t\t\t\t\n\t\t\t\t\n\t\t\t\t<div class=\"et_pb_module_inner\">\n\t\t\t\t\t<div class=\"supreme_leaflet_map_container\" data-supreme-leaflet-options={\"address_lat\":\"\",\"address_lng\":\"\",\"zoom_level\":13,\"use_custom_latlng\":true,\"address_custom_lat\":\"45.05127064050438\",\"address_custom_lng\":\"3.965281613492953\",\"address_custom_zoom\":3,\"maxZoom\":15,\"mapTiles\":\"osm\",\"scrollWheelZoom\":false,\"doubleClickZoom\":true,\"popupTrigger\":\"click\",\"PopupMaxWidth\":200,\"openAllPopup\":false,\"closePopupOnClick\":true,\"zoomControl\":true,\"autoClosePopup\":true,\"centerMap\":false,\"centerMapPadding\":100,\"markerCluster\":true,\"maxClusterRadius\":45,\"headerLevel\":\"h3\"}><\/div>\n\t\t\t\t<\/div>\n\t\t\t<\/div><div class=\"supreme_leaflet_map_item supreme_leaflet_map_item_0\">\n\t\t\t\t\n\t\t\t\t\n\t\t\t\t\n\t\t\t\t\n\t\t\t\t\n\t\t\t\t\n\t\t\t\t<div class=\"et_pb_module_inner\">\n\t\t\t\t\t<div data-supreme-leaflet-pin={&quot;lat&quot;:&quot;&quot;,&quot;lng&quot;:&quot;&quot;,&quot;use_custom_latlng&quot;:true,&quot;address_custom_lat&quot;:&quot;&#8220;44.853067829027175&#8243;&quot;,&quot;address_custom_lng&quot;:&quot;&quot;,&quot;marker_custom&quot;:false,&quot;link_option_url&quot;:&quot;&quot;,&quot;url_new_window&quot;:false}><\/div>\n\t\t\t\t<\/div>\n\t\t\t<\/div><\/p>\n","protected":false},"author":3,"featured_media":0,"parent":0,"menu_order":0,"comment_status":"closed","ping_status":"closed","template":"","meta":{"_acf_changed":false,"_seopress_robots_primary_cat":"","_seopress_titles_title":"","_seopress_titles_desc":"","_seopress_robots_index":"","_et_pb_use_builder":"on","_et_pb_old_content":"","_et_gb_content_width":"","footnotes":""},"dipi_cpt_category":[],"class_list":["post-2613","page","type-page","status-publish","hentry"],"acf":[],"_links":{"self":[{"href":"https:\/\/www.synov-groupe.com\/de\/wp-json\/wp\/v2\/pages\/2613","targetHints":{"allow":["GET"]}}],"collection":[{"href":"https:\/\/www.synov-groupe.com\/de\/wp-json\/wp\/v2\/pages"}],"about":[{"href":"https:\/\/www.synov-groupe.com\/de\/wp-json\/wp\/v2\/types\/page"}],"author":[{"embeddable":true,"href":"https:\/\/www.synov-groupe.com\/de\/wp-json\/wp\/v2\/users\/3"}],"replies":[{"embeddable":true,"href":"https:\/\/www.synov-groupe.com\/de\/wp-json\/wp\/v2\/comments?post=2613"}],"version-history":[{"count":2,"href":"https:\/\/www.synov-groupe.com\/de\/wp-json\/wp\/v2\/pages\/2613\/revisions"}],"predecessor-version":[{"id":2615,"href":"https:\/\/www.synov-groupe.com\/de\/wp-json\/wp\/v2\/pages\/2613\/revisions\/2615"}],"wp:attachment":[{"href":"https:\/\/www.synov-groupe.com\/de\/wp-json\/wp\/v2\/media?parent=2613"}],"wp:term":[{"taxonomy":"dipi_cpt_category","embeddable":true,"href":"https:\/\/www.synov-groupe.com\/de\/wp-json\/wp\/v2\/dipi_cpt_category?post=2613"}],"curies":[{"name":"wp","href":"https:\/\/api.w.org\/{rel}","templated":true}]}}