{"id":2318,"date":"2026-02-17T10:01:05","date_gmt":"2026-02-17T10:01:05","guid":{"rendered":"https:\/\/www.synov-groupe.com\/herstellung\/"},"modified":"2026-04-17T10:09:11","modified_gmt":"2026-04-17T10:09:11","slug":"herstellung","status":"publish","type":"page","link":"https:\/\/www.synov-groupe.com\/de\/herstellung\/","title":{"rendered":"Herstellung"},"content":{"rendered":"<p>[et_pb_section fb_built=&#8220;1&#8243; admin_label=&#8220;H1&#8243; _builder_version=&#8220;4.27.5&#8243; _module_preset=&#8220;default&#8220; background_color=&#8220;#245c74&#8243; custom_margin=&#8220;0px||0px||true|false&#8220; custom_padding=&#8220;0px||0px||true|false&#8220; locked=&#8220;off&#8220; global_colors_info=&#8220;{}&#8220;][et_pb_row make_equal=&#8220;on&#8220; _builder_version=&#8220;4.27.5&#8243; _module_preset=&#8220;default&#8220; background_image=&#8220;https:\/\/www.synov-groupe.com\/wp-content\/uploads\/2026\/03\/Fabrication3.webp&#8220; width=&#8220;100%&#8220; max_width=&#8220;100%&#8220; min_height=&#8220;400px&#8220; min_height_tablet=&#8220;400px&#8220; min_height_phone=&#8220;310px&#8220; min_height_last_edited=&#8220;on|phone&#8220; height=&#8220;75vh&#8220; height_tablet=&#8220;35vh&#8220; height_phone=&#8220;310px&#8220; height_last_edited=&#8220;on|tablet&#8220; custom_margin=&#8220;0px||0px||true|false&#8220; custom_padding=&#8220;0px||0px||true|false&#8220; filter_opacity=&#8220;85%&#8220; background_last_edited=&#8220;on|tablet&#8220; background_position_tablet=&#8220;center_left&#8220; background_position_phone=&#8220;center&#8220; global_colors_info=&#8220;{}&#8220;][et_pb_column type=&#8220;4_4&#8243; _builder_version=&#8220;4.27.4&#8243; _module_preset=&#8220;default&#8220; custom_css_free_form=&#8220;selector {||align-self:center;||}&#8220; global_colors_info=&#8220;{}&#8220;][\/et_pb_column][\/et_pb_row][et_pb_row _builder_version=&#8220;4.27.4&#8243; _module_preset=&#8220;default&#8220; positioning=&#8220;absolute&#8220; position_origin_a=&#8220;center_center&#8220; global_colors_info=&#8220;{}&#8220;][et_pb_column type=&#8220;4_4&#8243; _builder_version=&#8220;4.27.4&#8243; _module_preset=&#8220;default&#8220; global_colors_info=&#8220;{}&#8220;][et_pb_text _builder_version=&#8220;4.27.5&#8243; _module_preset=&#8220;default&#8220; header_text_align=&#8220;center&#8220; header_text_color=&#8220;#FFFFFF&#8220; header_font_size=&#8220;80px&#8220; position_origin_a=&#8220;center_center&#8220; width=&#8220;100%&#8220; custom_padding=&#8220;|0px||0px|false|true&#8220; header_font_size_tablet=&#8220;70px&#8220; header_font_size_phone=&#8220;48px&#8220; header_font_size_last_edited=&#8220;on|phone&#8220; header_text_shadow_style=&#8220;preset3&#8243; header_text_shadow_blur_strength=&#8220;20px&#8220; header_text_shadow_color=&#8220;rgba(0,0,0,0.5)&#8220; global_colors_info=&#8220;{}&#8220; header_line_height=&#8220;1.2em&#8220; header_line_height_tablet=&#8220;1.2em&#8220; header_line_height_phone=&#8220;1.1em&#8220; header_line_height_last_edited=&#8220;on|desktop&#8220;]<\/p>\n<h1>Herstellung<\/h1>\n<p>[\/et_pb_text][\/et_pb_column][\/et_pb_row][\/et_pb_section][et_pb_section fb_built=&#8220;1&#8243; custom_padding_last_edited=&#8220;on|desktop&#8220; admin_label=&#8220;Titre %22Notre m\u00e9tier%22&#8243; _builder_version=&#8220;4.27.5&#8243; _module_preset=&#8220;default&#8220; width=&#8220;100%&#8220; max_width=&#8220;1015px&#8220; module_alignment=&#8220;center&#8220; custom_margin=&#8220;-150px||||false|false&#8220; custom_margin_tablet=&#8220;0px||||false|false&#8220; custom_margin_phone=&#8220;0px||||false|false&#8220; custom_margin_last_edited=&#8220;on|tablet&#8220; custom_padding=&#8220;40px|8%|40px|8%|false|true&#8220; custom_padding_tablet=&#8220;40px|12%|40px|12%|false|true&#8220; custom_padding_phone=&#8220;40px|6%|40px|6%|false|true&#8220; locked=&#8220;off&#8220; global_colors_info=&#8220;{}&#8220;][et_pb_row _builder_version=&#8220;4.27.4&#8243; _module_preset=&#8220;default&#8220; width=&#8220;100%&#8220; max_width=&#8220;100%&#8220; custom_padding=&#8220;0px||0px||true|false&#8220; global_colors_info=&#8220;{}&#8220;][et_pb_column type=&#8220;4_4&#8243; _builder_version=&#8220;4.27.4&#8243; _module_preset=&#8220;default&#8220; global_colors_info=&#8220;{}&#8220;][et_pb_text _builder_version=&#8220;4.27.5&#8243; _module_preset=&#8220;default&#8220; header_2_font_size=&#8220;47px&#8220; header_2_line_height=&#8220;1.1em&#8220; custom_margin=&#8220;60px||20px||false|false&#8220; custom_margin_tablet=&#8220;40px||20px||false|false&#8220; custom_margin_phone=&#8220;20px||20px||false|false&#8220; custom_margin_last_edited=&#8220;on|phone&#8220; header_2_font_size_tablet=&#8220;37px&#8220; header_2_font_size_phone=&#8220;32px&#8220; header_2_font_size_last_edited=&#8220;on|phone&#8220; global_colors_info=&#8220;{}&#8220; header_2_line_height_tablet=&#8220;1.1em&#8220; header_2_line_height_phone=&#8220;1.1em&#8220; header_2_line_height_last_edited=&#8220;on|phone&#8220;]<\/p>\n<h2>Herstellung: Bew\u00e4hrte Qualit\u00e4t vom Prozess bis zum fertigen Produkt<\/h2>\n<p>[\/et_pb_text][et_pb_text _builder_version=&#8220;4.27.5&#8243; _module_preset=&#8220;default&#8220; text_font_size_tablet=&#8220;&#8220; text_font_size_phone=&#8220;16px&#8220; text_font_size_last_edited=&#8220;on|phone&#8220; text_line_height_tablet=&#8220;&#8220; text_line_height_phone=&#8220;1.5em&#8220; text_line_height_last_edited=&#8220;on|phone&#8220; locked=&#8220;off&#8220; global_colors_info=&#8220;{}&#8220;]Unser Fertigungsbereich ist das Herzst\u00fcck der Synov-Gruppe und setzt Designs in zuverl\u00e4ssige Produkte um, die auf den anspruchsvollsten M\u00e4rkten eingesetzt werden k\u00f6nnen.<\/p>\n<p>Unsere Produktionsphilosophie beruht auf dem Prinzip der vollst\u00e4ndigen Transparenz: Jeder Schritt des Prozesses ist so konzipiert, dass er ein messbarer und nachvollziehbarer Beweis f\u00fcr die Qualit\u00e4t ist. Wir warten nicht auf die Endkontrolle, um ein Produkt zu validieren, sondern bauen seine Zuverl\u00e4ssigkeit in jeder Phase der Montage auf.[\/et_pb_text][\/et_pb_column][\/et_pb_row][\/et_pb_section][et_pb_section fb_built=&#8220;1&#8243; custom_padding_last_edited=&#8220;on|tablet&#8220; admin_label=&#8220;Titre %22Historique%22&#8243; _builder_version=&#8220;4.27.5&#8243; _module_preset=&#8220;default&#8220; width=&#8220;100%&#8220; max_width=&#8220;1015px&#8220; module_alignment=&#8220;center&#8220; custom_margin=&#8220;||||false|false&#8220; custom_padding=&#8220;0px|8%|0px|8%|false|true&#8220; custom_padding_tablet=&#8220;0px|12%|0px|12%|false|true&#8220; custom_padding_phone=&#8220;0px|6%|0px|6%|false|true&#8220; locked=&#8220;off&#8220; global_colors_info=&#8220;{}&#8220;][et_pb_row _builder_version=&#8220;4.27.4&#8243; _module_preset=&#8220;default&#8220; width=&#8220;100%&#8220; max_width=&#8220;100%&#8220; custom_padding=&#8220;0px||0px||true|false&#8220; global_colors_info=&#8220;{}&#8220;][et_pb_column type=&#8220;4_4&#8243; _builder_version=&#8220;4.27.4&#8243; _module_preset=&#8220;default&#8220; global_colors_info=&#8220;{}&#8220;][et_pb_text _builder_version=&#8220;4.27.5&#8243; _module_preset=&#8220;default&#8220; header_2_font_size=&#8220;47px&#8220; header_2_line_height=&#8220;1.1em&#8220; custom_margin=&#8220;60px||20px||false|false&#8220; custom_margin_tablet=&#8220;40px||20px||false|false&#8220; custom_margin_phone=&#8220;20px||20px||false|false&#8220; custom_margin_last_edited=&#8220;on|phone&#8220; header_2_font_size_tablet=&#8220;37px&#8220; header_2_font_size_phone=&#8220;32px&#8220; header_2_font_size_last_edited=&#8220;on|phone&#8220; global_colors_info=&#8220;{}&#8220; header_2_line_height_tablet=&#8220;1.1em&#8220; header_2_line_height_phone=&#8220;1.1em&#8220; header_2_line_height_last_edited=&#8220;on|phone&#8220;]<\/p>\n<h2>Unsere Prozesse, Ihre Leistungsgarantien<\/h2>\n<p>[\/et_pb_text][et_pb_text _builder_version=&#8220;4.27.5&#8243; _module_preset=&#8220;default&#8220; custom_margin=&#8220;60px||20px||false|false&#8220; global_colors_info=&#8220;{}&#8220; header_2_font_size=&#8220;47px&#8220; header_2_font_size_tablet=&#8220;37px&#8220; header_2_font_size_phone=&#8220;32px&#8220; header_2_font_size_last_edited=&#8220;on|phone&#8220; header_2_line_height=&#8220;1.1em&#8220; header_2_line_height_tablet=&#8220;1.1em&#8220; header_2_line_height_phone=&#8220;1.1em&#8220; header_2_line_height_last_edited=&#8220;on|phone&#8220; custom_margin_tablet=&#8220;40px||20px||false|false&#8220; custom_margin_phone=&#8220;20px||20px||false|false&#8220; custom_margin_last_edited=&#8220;on|phone&#8220;]Jedes Produkt, das unsere Fabriken verl\u00e4sst, ist das Ergebnis einer strengen Methodik, die entwickelt wurde, um die Komplexit\u00e4t zu beherrschen und die Wiederholbarkeit zu gew\u00e4hrleisten.[\/et_pb_text][et_pb_text _builder_version=&#8220;4.27.5&#8243; _module_preset=&#8220;default&#8220; text_font=&#8220;|800|||||||&#8220; text_text_color=&#8220;#75C2D6&#8243; text_font_size=&#8220;30px&#8220; header_3_font=&#8220;|800|||||||&#8220; header_3_text_color=&#8220;#75C2D6&#8243; header_3_font_size=&#8220;32px&#8220; custom_margin=&#8220;||20px||false|false&#8220; custom_margin_tablet=&#8220;&#8220; custom_margin_phone=&#8220;||0px||false|false&#8220; custom_margin_last_edited=&#8220;on|phone&#8220; text_font_size_tablet=&#8220;30px&#8220; text_font_size_phone=&#8220;30px&#8220; text_font_size_last_edited=&#8220;on|tablet&#8220; header_3_font_size_tablet=&#8220;28px&#8220; header_3_font_size_phone=&#8220;23px&#8220; header_3_font_size_last_edited=&#8220;on|phone&#8220; global_colors_info=&#8220;{}&#8220;]<\/p>\n<h3>Herstellung von elektronischen Karten (PCBA): Pr\u00e4zision als Standard<\/h3>\n<p>[\/et_pb_text][et_pb_text _builder_version=&#8220;4.27.5&#8243; _module_preset=&#8220;default&#8220; custom_margin=&#8220;||60px||false|false&#8220; text_font_size_tablet=&#8220;&#8220; text_font_size_phone=&#8220;16px&#8220; text_font_size_last_edited=&#8220;on|phone&#8220; text_line_height_tablet=&#8220;&#8220; text_line_height_phone=&#8220;1.5em&#8220; text_line_height_last_edited=&#8220;on|phone&#8220; global_colors_info=&#8220;{}&#8220;]Die Leistung eines Produkts beginnt mit der Integrit\u00e4t seiner elektronischen Platine. Unsere SMD-Hochgeschwindigkeits-Best\u00fcckungslinien und THT-Prozesse werden so gesteuert, dass eine optimale Genauigkeit gew\u00e4hrleistet ist. Die automatisierte optische Kontrolle (AOI) und die R\u00f6ntgeninspektion sind nicht nur einfache Kontrollen, sondern Schritte, die die Integrit\u00e4t jeder L\u00f6tstelle und die Platzierung jedes Bauteils sicherstellen und so eine gesunde und zuverl\u00e4ssige Basis f\u00fcr Ihr Produkt gew\u00e4hrleisten.[\/et_pb_text][et_pb_text _builder_version=&#8220;4.27.5&#8243; _module_preset=&#8220;default&#8220; text_font=&#8220;|800|||||||&#8220; text_text_color=&#8220;#75C2D6&#8243; text_font_size=&#8220;30px&#8220; header_3_font=&#8220;|800|||||||&#8220; header_3_text_color=&#8220;#75C2D6&#8243; header_3_font_size=&#8220;32px&#8220; custom_margin=&#8220;||20px||false|false&#8220; custom_margin_tablet=&#8220;&#8220; custom_margin_phone=&#8220;||0px||false|false&#8220; custom_margin_last_edited=&#8220;on|phone&#8220; text_font_size_tablet=&#8220;30px&#8220; text_font_size_phone=&#8220;30px&#8220; text_font_size_last_edited=&#8220;on|tablet&#8220; header_3_font_size_tablet=&#8220;28px&#8220; header_3_font_size_phone=&#8220;23px&#8220; header_3_font_size_last_edited=&#8220;on|phone&#8220; global_colors_info=&#8220;{}&#8220;]<\/p>\n<h3>Verdrahtung und Montage: die Zuverl\u00e4ssigkeit jeder Verbindung<\/h3>\n<p>[\/et_pb_text][et_pb_text _builder_version=&#8220;4.27.5&#8243; _module_preset=&#8220;default&#8220; custom_margin=&#8220;||60px||false|false&#8220; text_font_size_tablet=&#8220;&#8220; text_font_size_phone=&#8220;16px&#8220; text_font_size_last_edited=&#8220;on|phone&#8220; text_line_height_tablet=&#8220;&#8220; text_line_height_phone=&#8220;1.5em&#8220; text_line_height_last_edited=&#8220;on|phone&#8220; global_colors_info=&#8220;{}&#8220;]Ein System ist nur so zuverl\u00e4ssig wie sein schw\u00e4chstes Glied. Aus diesem Grund messen wir der Herstellung von Kabelb\u00e4umen, Kabelstr\u00e4ngen und Unterbaugruppen eine kritische Bedeutung bei. Die Automatisierung des Schneidens und Crimpens in Verbindung mit 100%igen elektrischen Tests stellt sicher, dass es keinen Fehlerpunkt im Nervensystem Ihres Produkts gibt.[\/et_pb_text][et_pb_text _builder_version=&#8220;4.27.5&#8243; _module_preset=&#8220;default&#8220; text_font=&#8220;|800|||||||&#8220; text_text_color=&#8220;#75C2D6&#8243; text_font_size=&#8220;30px&#8220; header_3_font=&#8220;|800|||||||&#8220; header_3_text_color=&#8220;#75C2D6&#8243; header_3_font_size=&#8220;32px&#8220; custom_margin=&#8220;||20px||false|false&#8220; custom_margin_tablet=&#8220;&#8220; custom_margin_phone=&#8220;||0px||false|false&#8220; custom_margin_last_edited=&#8220;on|phone&#8220; text_font_size_tablet=&#8220;30px&#8220; text_font_size_phone=&#8220;30px&#8220; text_font_size_last_edited=&#8220;on|tablet&#8220; header_3_font_size_tablet=&#8220;28px&#8220; header_3_font_size_phone=&#8220;23px&#8220; header_3_font_size_last_edited=&#8220;on|phone&#8220; global_colors_info=&#8220;{}&#8220;]<\/p>\n<h3>Schutz und Verarbeitung: Widerstandsf\u00e4higkeit in kritischen Umgebungen<\/h3>\n<p>[\/et_pb_text][et_pb_text _builder_version=&#8220;4.27.5&#8243; _module_preset=&#8220;default&#8220; custom_margin=&#8220;||40px||false|false&#8220; text_font_size_tablet=&#8220;&#8220; text_font_size_phone=&#8220;16px&#8220; text_font_size_last_edited=&#8220;on|phone&#8220; text_line_height_tablet=&#8220;&#8220; text_line_height_phone=&#8220;1.5em&#8220; text_line_height_last_edited=&#8220;on|phone&#8220; global_colors_info=&#8220;{}&#8220;]Ein Produkt muss in der realen Welt \u00fcberleben. Unsere Schutzverfahren sind so konzipiert, dass sie den spezifischen Anforderungen Ihrer Einsatzumgebung gerecht werden. Niederdruckverguss (Hotmelt), Tropenlackierung oder Resinierung sind keine Veredelungen, sondern technische L\u00f6sungen, die Wasserdichtigkeit, Vibrationsfestigkeit und Korrosionsschutz gew\u00e4hrleisten.[\/et_pb_text][\/et_pb_column][\/et_pb_row][\/et_pb_section][et_pb_section fb_built=&#8220;1&#8243; custom_padding_last_edited=&#8220;on|phone&#8220; admin_label=&#8220;Titre %22Historique%22&#8243; _builder_version=&#8220;4.27.5&#8243; _module_preset=&#8220;default&#8220; width=&#8220;100%&#8220; max_width=&#8220;1015px&#8220; module_alignment=&#8220;center&#8220; custom_margin=&#8220;||||false|false&#8220; custom_padding=&#8220;0px|8%|120px|8%|false|true&#8220; custom_padding_tablet=&#8220;0px|12%|80px|12%|false|true&#8220; custom_padding_phone=&#8220;0px|6%|80px|6%|false|true&#8220; locked=&#8220;off&#8220; global_colors_info=&#8220;{}&#8220;][et_pb_row _builder_version=&#8220;4.27.4&#8243; _module_preset=&#8220;default&#8220; width=&#8220;100%&#8220; max_width=&#8220;100%&#8220; custom_padding=&#8220;0px||0px||true|false&#8220; global_colors_info=&#8220;{}&#8220;][et_pb_column type=&#8220;4_4&#8243; _builder_version=&#8220;4.27.4&#8243; _module_preset=&#8220;default&#8220; global_colors_info=&#8220;{}&#8220;][et_pb_text _builder_version=&#8220;4.27.5&#8243; _module_preset=&#8220;default&#8220; header_2_font_size=&#8220;47px&#8220; header_2_line_height=&#8220;1.1em&#8220; custom_margin=&#8220;60px||20px||false|false&#8220; custom_margin_tablet=&#8220;40px||20px||false|false&#8220; custom_margin_phone=&#8220;20px||20px||false|false&#8220; custom_margin_last_edited=&#8220;on|phone&#8220; header_2_font_size_tablet=&#8220;37px&#8220; header_2_font_size_phone=&#8220;32px&#8220; header_2_font_size_last_edited=&#8220;on|phone&#8220; global_colors_info=&#8220;{}&#8220; header_2_line_height_tablet=&#8220;1.1em&#8220; header_2_line_height_phone=&#8220;1.1em&#8220; header_2_line_height_last_edited=&#8220;on|phone&#8220;]<\/p>\n<h2>Vollst\u00e4ndige R\u00fcckverfolgbarkeit f\u00fcr eine vollst\u00e4ndige Kontrolle<\/h2>\n<p>[\/et_pb_text][et_pb_text _builder_version=&#8220;4.27.5&#8243; _module_preset=&#8220;default&#8220; custom_margin=&#8220;||40px||false|false&#8220; text_font_size_tablet=&#8220;&#8220; text_font_size_phone=&#8220;16px&#8220; text_font_size_last_edited=&#8220;on|phone&#8220; text_line_height_tablet=&#8220;&#8220; text_line_height_phone=&#8220;1.5em&#8220; text_line_height_last_edited=&#8220;on|phone&#8220; global_colors_info=&#8220;{}&#8220;]Mit unserem Produktionssteuerungssystem (MES) gew\u00e4hrleisten wir eine vollst\u00e4ndige R\u00fcckverfolgbarkeit der Komponenten und der Herstellungsparameter f\u00fcr jedes Produkt. Diese Transparenz ist nicht nur eine Qualit\u00e4tsgarantie, sondern auch ein Risikomanagement-Tool, das eine genaue Analyse und sofortige Reaktion w\u00e4hrend des gesamten Lebenszyklus Ihrer Ausr\u00fcstung erm\u00f6glicht.[\/et_pb_text][\/et_pb_column][\/et_pb_row][et_pb_row _builder_version=&#8220;4.27.5&#8243; _module_preset=&#8220;default&#8220; width=&#8220;100%&#8220; max_width=&#8220;100%&#8220; custom_padding=&#8220;40px||||false|false&#8220; global_colors_info=&#8220;{}&#8220;][et_pb_column type=&#8220;4_4&#8243; _builder_version=&#8220;4.27.4&#8243; _module_preset=&#8220;default&#8220; global_colors_info=&#8220;{}&#8220;][et_pb_text _builder_version=&#8220;4.27.5&#8243; _module_preset=&#8220;default&#8220; custom_margin=&#8220;0px||||false|false&#8220; text_font_size_tablet=&#8220;&#8220; text_font_size_phone=&#8220;16px&#8220; text_font_size_last_edited=&#8220;on|phone&#8220; text_line_height_tablet=&#8220;&#8220; text_line_height_phone=&#8220;1.5em&#8220; text_line_height_last_edited=&#8220;on|phone&#8220; global_colors_info=&#8220;{}&#8220;]Unser Engagement geht \u00fcber die reine Produktion hinaus. Wir bieten eine industrielle Partnerschaft, die auf technischen Anforderungen und vollst\u00e4ndiger Transparenz der Prozesse beruht.[\/et_pb_text][et_pb_button button_url=&#8220;https:\/\/www.synov-groupe.com\/nous-contacter\/&#8220; button_text=&#8220;Besprechen Sie Ihre Produktionsbed\u00fcrfnisse&#8220; button_alignment=&#8220;center&#8220; _builder_version=&#8220;4.27.5&#8243; _module_preset=&#8220;default&#8220; custom_button=&#8220;on&#8220; button_text_size=&#8220;18px&#8220; button_text_color=&#8220;#FFFFFF&#8220; button_bg_color=&#8220;#418D9E&#8220; button_border_width=&#8220;0px&#8220; button_border_radius=&#8220;0px&#8220; button_font=&#8220;|700|||||||&#8220; button_use_icon=&#8220;off&#8220; position_origin_a=&#8220;bottom_left&#8220; custom_margin=&#8220;60px||0px||false|false&#8220; custom_padding=&#8220;20px|35px|20px|35px|true|true&#8220; hover_enabled=&#8220;0&#8243; button_text_size_tablet=&#8220;18px&#8220; button_text_size_phone=&#8220;16px&#8220; button_text_size_last_edited=&#8220;on|phone&#8220; custom_css_free_form=&#8220;selector {||  width:100%;||  height:100%;||}&#8220; locked=&#8220;off&#8220; global_colors_info=&#8220;{}&#8220; button_text_color__hover=&#8220;#FFFFFF&#8220; button_text_color__hover_enabled=&#8220;on|desktop&#8220; button_bg_color__hover=&#8220;#75C2D6&#8243; button_bg_color__hover_enabled=&#8220;on|hover&#8220; button_border_color__hover=&#8220;#FFFFFF&#8220; button_border_color__hover_enabled=&#8220;off|desktop&#8220; button_bg_enable_color__hover=&#8220;on&#8220; sticky_enabled=&#8220;0&#8243;][\/et_pb_button][\/et_pb_column][\/et_pb_row][\/et_pb_section]<\/p>\n","protected":false},"excerpt":{"rendered":"<p>HerstellungHerstellung: Bew\u00e4hrte Qualit\u00e4t vom Prozess bis zum fertigen ProduktUnser Fertigungsbereich ist das Herzst\u00fcck der Synov-Gruppe und setzt Designs in zuverl\u00e4ssige Produkte um, die auf den anspruchsvollsten M\u00e4rkten eingesetzt werden k\u00f6nnen. Unsere Produktionsphilosophie beruht auf dem Prinzip der vollst\u00e4ndigen Transparenz: Jeder Schritt des Prozesses ist so konzipiert, dass er ein messbarer und nachvollziehbarer Beweis f\u00fcr die [&hellip;]<\/p>\n","protected":false},"author":3,"featured_media":0,"parent":0,"menu_order":0,"comment_status":"closed","ping_status":"closed","template":"","meta":{"_acf_changed":false,"_seopress_robots_primary_cat":"","_seopress_titles_title":"P\u00f4le Fabrication - Zuverl\u00e4ssige Produktion f\u00fcr anspruchsvolle Umgebungen | Synov Gruppe","_seopress_titles_desc":"Die SYNOV-Gruppe produziert Ihre elektronischen Ger\u00e4te mit kontrollierten Prozessen: SMD\/THT-Best\u00fcckung, AOI, R\u00f6ntgenstrahlen, Verkabelung, Schutz und vollst\u00e4ndige R\u00fcckverfolgbarkeit.","_seopress_robots_index":"","_et_pb_use_builder":"on","_et_pb_old_content":"","_et_gb_content_width":"","footnotes":""},"dipi_cpt_category":[],"class_list":["post-2318","page","type-page","status-publish","hentry"],"acf":[],"_links":{"self":[{"href":"https:\/\/www.synov-groupe.com\/de\/wp-json\/wp\/v2\/pages\/2318","targetHints":{"allow":["GET"]}}],"collection":[{"href":"https:\/\/www.synov-groupe.com\/de\/wp-json\/wp\/v2\/pages"}],"about":[{"href":"https:\/\/www.synov-groupe.com\/de\/wp-json\/wp\/v2\/types\/page"}],"author":[{"embeddable":true,"href":"https:\/\/www.synov-groupe.com\/de\/wp-json\/wp\/v2\/users\/3"}],"replies":[{"embeddable":true,"href":"https:\/\/www.synov-groupe.com\/de\/wp-json\/wp\/v2\/comments?post=2318"}],"version-history":[{"count":2,"href":"https:\/\/www.synov-groupe.com\/de\/wp-json\/wp\/v2\/pages\/2318\/revisions"}],"predecessor-version":[{"id":2320,"href":"https:\/\/www.synov-groupe.com\/de\/wp-json\/wp\/v2\/pages\/2318\/revisions\/2320"}],"wp:attachment":[{"href":"https:\/\/www.synov-groupe.com\/de\/wp-json\/wp\/v2\/media?parent=2318"}],"wp:term":[{"taxonomy":"dipi_cpt_category","embeddable":true,"href":"https:\/\/www.synov-groupe.com\/de\/wp-json\/wp\/v2\/dipi_cpt_category?post=2318"}],"curies":[{"name":"wp","href":"https:\/\/api.w.org\/{rel}","templated":true}]}}